{"id":764,"date":"2022-06-26T10:35:54","date_gmt":"2022-06-26T08:35:54","guid":{"rendered":"http:\/\/elena-cascarigny.com\/?page_id=764"},"modified":"2026-03-28T11:00:55","modified_gmt":"2026-03-28T10:00:55","slug":"yoga-therapie-bayonne","status":"publish","type":"page","link":"https:\/\/www.elena-cascarigny.com\/en\/yoga-therapie-bayonne\/","title":{"rendered":"Yoga &#038; M\u00e9ditation"},"content":{"rendered":"<figure class=\"wp-block-image size-large\"><img fetchpriority=\"high\" decoding=\"async\" width=\"1024\" height=\"506\" src=\"http:\/\/elena-cascarigny.com\/wp-content\/uploads\/2022\/06\/Sans-titre-1024x506.png\" alt=\"\" class=\"wp-image-765\" srcset=\"https:\/\/www.elena-cascarigny.com\/wp-content\/uploads\/2022\/06\/Sans-titre-1024x506.png 1024w, https:\/\/www.elena-cascarigny.com\/wp-content\/uploads\/2022\/06\/Sans-titre-300x148.png 300w, https:\/\/www.elena-cascarigny.com\/wp-content\/uploads\/2022\/06\/Sans-titre-768x379.png 768w, https:\/\/www.elena-cascarigny.com\/wp-content\/uploads\/2022\/06\/Sans-titre-18x9.png 18w, https:\/\/www.elena-cascarigny.com\/wp-content\/uploads\/2022\/06\/Sans-titre-750x371.png 750w, https:\/\/www.elena-cascarigny.com\/wp-content\/uploads\/2022\/06\/Sans-titre.png 1190w\" sizes=\"(max-width: 1024px) 100vw, 1024px\" \/><\/figure>\n\n\n\n<div style=\"height:55px\" aria-hidden=\"true\" class=\"wp-block-spacer\"><\/div>\n\n\n\n<p>De plus en plus d\u2019\u00e9tudes montrent les b\u00e9n\u00e9fices du yoga pour des probl\u00e8mes m\u00e9dicaux (arthrite, fibromyalgie\u2026) mais aussi mentaux (angoisse, d\u00e9pression\u2026). Alors pourquoi ne pas importer cette pratique dans la th\u00e9rapie ?<\/p>\n\n\n\n<p>Le Yoga, combinaison d\u2019exercices physiques, de respiration et d\u2019attention ou pleine conscience permet d\u2019amener le corps dans la th\u00e9rapie. En effet, dans notre soci\u00e9t\u00e9 occidentale, celui-ci est bien souvent oubli\u00e9, voire m\u00e9pris\u00e9. Pourtant, sans lui, nous ne pourrions faire l\u2019exp\u00e9rience de la vie. En se concentrant sur le moment pr\u00e9sent et sur les ressentis corporels, nous pouvons nous r\u00e9approprier notre corps pour enfin l\u2019habiter.<\/p>\n\n\n\n<p>La plupart des exercices se font en position assise et guid\u00e9s par le son de ma voix. Il s\u2019agit d\u2019exp\u00e9rimenter dans son corps, d\u2019exprimer son ressenti, de trouver la position confortable pour soi.<\/p>\n\n\n\n<p>La m\u00e9ditation est une pratique d\u2019entrainement de l\u2019esprit. Ces bienfaits ne sont plus \u00e0 prouver. De nombreux courants de th\u00e9rapies, notamment les th\u00e9rapies comportementales et cognitives (TCC) dites de la troisi\u00e8me vague, se sont saisies des techniques bouddhistes et yogis. Se concentrer sur un objet, souvent la respiration, a des effets apaisants et permet de d\u00e9sengorger le mental.<\/p>\n\n\n\n<p>Relaxation exercices and visualizations enables you to mobilize your ressources, imagination and intuition in order to reduce anxiety and stress and to increase well-being.<br><br>Pour en savoir plus sur ma pratique et d\u00e9couvrir les ateliers que je propose, c&rsquo;est par<a href=\"https:\/\/www.elena-cascarigny.com\/en\/ateliers-yoga\/\" target=\"_blank\" rel=\"noreferrer noopener\"> here<\/a> !<br>Pour d\u00e9couvrir les bienfaits de la pratique du Yoga, je vous invite \u00e0 lire cet <a href=\"https:\/\/www.elena-cascarigny.com\/en\/2022\/07\/04\/benefices-yoga\/\" target=\"_blank\" rel=\"noreferrer noopener\">article de blog<\/a>.<\/p>\n\n\n\n<div class=\"wp-block-themeisle-blocks-advanced-columns has-undefined-columns has-desktop-undefined-layout has-tablet-equal-layout has-mobile-equal-layout has-default-gap has-vertical-unset\" id=\"wp-block-themeisle-blocks-advanced-columns-0aa422ab\"><div class=\"wp-block-themeisle-blocks-advanced-columns-overlay\"><\/div><div class=\"innerblocks-wrap\"><\/div><\/div>","protected":false},"excerpt":{"rendered":"<p>De plus en plus d\u2019\u00e9tudes montrent les b\u00e9n\u00e9fices du yoga pour des probl\u00e8mes m\u00e9dicaux (arthrite, fibromyalgie\u2026) mais aussi mentaux (angoisse, d\u00e9pression\u2026). Alors pourquoi ne pas importer cette pratique dans la th\u00e9rapie ? Le Yoga, combinaison d\u2019exercices physiques, de respiration et d\u2019attention ou pleine conscience permet d\u2019amener le corps dans la th\u00e9rapie. En effet, dans notre&#8230;<\/p>","protected":false},"author":1,"featured_media":0,"parent":0,"menu_order":0,"comment_status":"closed","ping_status":"closed","template":"","meta":{"_kad_post_transparent":"","_kad_post_title":"","_kad_post_layout":"","_kad_post_sidebar_id":"","_kad_post_content_style":"","_kad_post_vertical_padding":"","_kad_post_feature":"","_kad_post_feature_position":"","_kad_post_header":false,"_kad_post_footer":false,"_kad_post_classname":"","footnotes":""},"class_list":["post-764","page","type-page","status-publish","hentry"],"yoast_head":"<!-- This site is optimized with the Yoast SEO plugin v27.4 - https:\/\/yoast.com\/product\/yoast-seo-wordpress\/ -->\n<title>Yoga &amp; M\u00e9ditation dans la th\u00e9rapie - Elena Cascarigny<\/title>\n<meta name=\"description\" content=\"Th\u00e9rapeute int\u00e9grative et professeure de Yoga \u00e0 Bayonne, j&#039;utilise les m\u00e9thodes du Yoga et de la m\u00e9ditation dans la th\u00e9rapie individuelle.\" \/>\n<meta name=\"robots\" content=\"index, follow, max-snippet:-1, max-image-preview:large, max-video-preview:-1\" \/>\n<link rel=\"canonical\" href=\"https:\/\/www.elena-cascarigny.com\/en\/yoga-therapie-bayonne\/\" \/>\n<meta property=\"og:locale\" content=\"en_GB\" \/>\n<meta property=\"og:type\" content=\"article\" \/>\n<meta property=\"og:title\" content=\"Yoga &amp; M\u00e9ditation dans la th\u00e9rapie - Elena Cascarigny\" \/>\n<meta property=\"og:description\" content=\"Th\u00e9rapeute int\u00e9grative et professeure de Yoga \u00e0 Bayonne, j&#039;utilise les m\u00e9thodes du Yoga et de la m\u00e9ditation dans la th\u00e9rapie individuelle.\" \/>\n<meta property=\"og:url\" content=\"https:\/\/www.elena-cascarigny.com\/en\/yoga-therapie-bayonne\/\" \/>\n<meta property=\"og:site_name\" content=\"Elena Cascarigny\" \/>\n<meta property=\"article:modified_time\" content=\"2026-03-28T10:00:55+00:00\" \/>\n<meta property=\"og:image\" content=\"https:\/\/www.elena-cascarigny.com\/wp-content\/uploads\/2022\/06\/Sans-titre.png\" \/>\n\t<meta property=\"og:image:width\" content=\"1190\" \/>\n\t<meta property=\"og:image:height\" content=\"588\" \/>\n\t<meta property=\"og:image:type\" content=\"image\/png\" \/>\n<meta name=\"twitter:card\" content=\"summary_large_image\" \/>\n<meta name=\"twitter:label1\" content=\"Estimated reading time\" \/>\n\t<meta name=\"twitter:data1\" content=\"2 minutes\" \/>\n<script type=\"application\/ld+json\" class=\"yoast-schema-graph\">{\"@context\":\"https:\\\/\\\/schema.org\",\"@graph\":[{\"@type\":\"WebPage\",\"@id\":\"https:\\\/\\\/www.elena-cascarigny.com\\\/yoga-therapie-bayonne\\\/\",\"url\":\"https:\\\/\\\/www.elena-cascarigny.com\\\/yoga-therapie-bayonne\\\/\",\"name\":\"Yoga & M\u00e9ditation dans la th\u00e9rapie - Elena Cascarigny\",\"isPartOf\":{\"@id\":\"https:\\\/\\\/www.elena-cascarigny.com\\\/#website\"},\"primaryImageOfPage\":{\"@id\":\"https:\\\/\\\/www.elena-cascarigny.com\\\/yoga-therapie-bayonne\\\/#primaryimage\"},\"image\":{\"@id\":\"https:\\\/\\\/www.elena-cascarigny.com\\\/yoga-therapie-bayonne\\\/#primaryimage\"},\"thumbnailUrl\":\"http:\\\/\\\/elena-cascarigny.com\\\/wp-content\\\/uploads\\\/2022\\\/06\\\/Sans-titre-1024x506.png\",\"datePublished\":\"2022-06-26T08:35:54+00:00\",\"dateModified\":\"2026-03-28T10:00:55+00:00\",\"description\":\"Th\u00e9rapeute int\u00e9grative et professeure de Yoga \u00e0 Bayonne, j'utilise les m\u00e9thodes du Yoga et de la m\u00e9ditation dans la th\u00e9rapie individuelle.\",\"breadcrumb\":{\"@id\":\"https:\\\/\\\/www.elena-cascarigny.com\\\/yoga-therapie-bayonne\\\/#breadcrumb\"},\"inLanguage\":\"en-GB\",\"potentialAction\":[{\"@type\":\"ReadAction\",\"target\":[\"https:\\\/\\\/www.elena-cascarigny.com\\\/yoga-therapie-bayonne\\\/\"]}]},{\"@type\":\"ImageObject\",\"inLanguage\":\"en-GB\",\"@id\":\"https:\\\/\\\/www.elena-cascarigny.com\\\/yoga-therapie-bayonne\\\/#primaryimage\",\"url\":\"http:\\\/\\\/elena-cascarigny.com\\\/wp-content\\\/uploads\\\/2022\\\/06\\\/Sans-titre-1024x506.png\",\"contentUrl\":\"http:\\\/\\\/elena-cascarigny.com\\\/wp-content\\\/uploads\\\/2022\\\/06\\\/Sans-titre-1024x506.png\"},{\"@type\":\"BreadcrumbList\",\"@id\":\"https:\\\/\\\/www.elena-cascarigny.com\\\/yoga-therapie-bayonne\\\/#breadcrumb\",\"itemListElement\":[{\"@type\":\"ListItem\",\"position\":1,\"name\":\"Home\",\"item\":\"https:\\\/\\\/www.elena-cascarigny.com\\\/\"},{\"@type\":\"ListItem\",\"position\":2,\"name\":\"Yoga &#038; M\u00e9ditation\"}]},{\"@type\":\"WebSite\",\"@id\":\"https:\\\/\\\/www.elena-cascarigny.com\\\/#website\",\"url\":\"https:\\\/\\\/www.elena-cascarigny.com\\\/\",\"name\":\"Psychologue Anglet Bayonne\",\"description\":\"Psychoth\u00e9rapie &amp; Yoga \u00e0 Bayonne\",\"publisher\":{\"@id\":\"https:\\\/\\\/www.elena-cascarigny.com\\\/#\\\/schema\\\/person\\\/c3dbb269a26ffe268de45e39c6a5fe9a\"},\"potentialAction\":[{\"@type\":\"SearchAction\",\"target\":{\"@type\":\"EntryPoint\",\"urlTemplate\":\"https:\\\/\\\/www.elena-cascarigny.com\\\/?s={search_term_string}\"},\"query-input\":{\"@type\":\"PropertyValueSpecification\",\"valueRequired\":true,\"valueName\":\"search_term_string\"}}],\"inLanguage\":\"en-GB\"},{\"@type\":[\"Person\",\"Organization\"],\"@id\":\"https:\\\/\\\/www.elena-cascarigny.com\\\/#\\\/schema\\\/person\\\/c3dbb269a26ffe268de45e39c6a5fe9a\",\"name\":\"elena-cascarigny\",\"image\":{\"@type\":\"ImageObject\",\"inLanguage\":\"en-GB\",\"@id\":\"http:\\\/\\\/elena-cascarigny.com\\\/wp-content\\\/uploads\\\/2019\\\/10\\\/cropped-logo_3-2.png\",\"url\":\"http:\\\/\\\/elena-cascarigny.com\\\/wp-content\\\/uploads\\\/2019\\\/10\\\/cropped-logo_3-2.png\",\"contentUrl\":\"http:\\\/\\\/elena-cascarigny.com\\\/wp-content\\\/uploads\\\/2019\\\/10\\\/cropped-logo_3-2.png\",\"width\":7467,\"height\":7425,\"caption\":\"elena-cascarigny\"},\"logo\":{\"@id\":\"http:\\\/\\\/elena-cascarigny.com\\\/wp-content\\\/uploads\\\/2019\\\/10\\\/cropped-logo_3-2.png\"},\"sameAs\":[\"https:\\\/\\\/www.linkedin.com\\\/in\\\/elena-cascarigny-60161b141\\\/\"]}]}<\/script>\n<!-- \/ Yoast SEO plugin. -->","yoast_head_json":{"title":"Yoga & M\u00e9ditation dans la th\u00e9rapie - Elena Cascarigny","description":"Th\u00e9rapeute int\u00e9grative et professeure de Yoga \u00e0 Bayonne, j'utilise les m\u00e9thodes du Yoga et de la m\u00e9ditation dans la th\u00e9rapie individuelle.","robots":{"index":"index","follow":"follow","max-snippet":"max-snippet:-1","max-image-preview":"max-image-preview:large","max-video-preview":"max-video-preview:-1"},"canonical":"https:\/\/www.elena-cascarigny.com\/en\/yoga-therapie-bayonne\/","og_locale":"en_GB","og_type":"article","og_title":"Yoga & M\u00e9ditation dans la th\u00e9rapie - Elena Cascarigny","og_description":"Th\u00e9rapeute int\u00e9grative et professeure de Yoga \u00e0 Bayonne, j'utilise les m\u00e9thodes du Yoga et de la m\u00e9ditation dans la th\u00e9rapie individuelle.","og_url":"https:\/\/www.elena-cascarigny.com\/en\/yoga-therapie-bayonne\/","og_site_name":"Elena Cascarigny","article_modified_time":"2026-03-28T10:00:55+00:00","og_image":[{"width":1190,"height":588,"url":"https:\/\/www.elena-cascarigny.com\/wp-content\/uploads\/2022\/06\/Sans-titre.png","type":"image\/png"}],"twitter_card":"summary_large_image","twitter_misc":{"Estimated reading time":"2 minutes"},"schema":{"@context":"https:\/\/schema.org","@graph":[{"@type":"WebPage","@id":"https:\/\/www.elena-cascarigny.com\/yoga-therapie-bayonne\/","url":"https:\/\/www.elena-cascarigny.com\/yoga-therapie-bayonne\/","name":"Yoga & M\u00e9ditation dans la th\u00e9rapie - Elena Cascarigny","isPartOf":{"@id":"https:\/\/www.elena-cascarigny.com\/#website"},"primaryImageOfPage":{"@id":"https:\/\/www.elena-cascarigny.com\/yoga-therapie-bayonne\/#primaryimage"},"image":{"@id":"https:\/\/www.elena-cascarigny.com\/yoga-therapie-bayonne\/#primaryimage"},"thumbnailUrl":"http:\/\/elena-cascarigny.com\/wp-content\/uploads\/2022\/06\/Sans-titre-1024x506.png","datePublished":"2022-06-26T08:35:54+00:00","dateModified":"2026-03-28T10:00:55+00:00","description":"Th\u00e9rapeute int\u00e9grative et professeure de Yoga \u00e0 Bayonne, j'utilise les m\u00e9thodes du Yoga et de la m\u00e9ditation dans la th\u00e9rapie individuelle.","breadcrumb":{"@id":"https:\/\/www.elena-cascarigny.com\/yoga-therapie-bayonne\/#breadcrumb"},"inLanguage":"en-GB","potentialAction":[{"@type":"ReadAction","target":["https:\/\/www.elena-cascarigny.com\/yoga-therapie-bayonne\/"]}]},{"@type":"ImageObject","inLanguage":"en-GB","@id":"https:\/\/www.elena-cascarigny.com\/yoga-therapie-bayonne\/#primaryimage","url":"http:\/\/elena-cascarigny.com\/wp-content\/uploads\/2022\/06\/Sans-titre-1024x506.png","contentUrl":"http:\/\/elena-cascarigny.com\/wp-content\/uploads\/2022\/06\/Sans-titre-1024x506.png"},{"@type":"BreadcrumbList","@id":"https:\/\/www.elena-cascarigny.com\/yoga-therapie-bayonne\/#breadcrumb","itemListElement":[{"@type":"ListItem","position":1,"name":"Home","item":"https:\/\/www.elena-cascarigny.com\/"},{"@type":"ListItem","position":2,"name":"Yoga &#038; M\u00e9ditation"}]},{"@type":"WebSite","@id":"https:\/\/www.elena-cascarigny.com\/#website","url":"https:\/\/www.elena-cascarigny.com\/","name":"Psychologue Anglet Bayonne","description":"Psychoth\u00e9rapie &amp; Yoga \u00e0 Bayonne","publisher":{"@id":"https:\/\/www.elena-cascarigny.com\/#\/schema\/person\/c3dbb269a26ffe268de45e39c6a5fe9a"},"potentialAction":[{"@type":"SearchAction","target":{"@type":"EntryPoint","urlTemplate":"https:\/\/www.elena-cascarigny.com\/?s={search_term_string}"},"query-input":{"@type":"PropertyValueSpecification","valueRequired":true,"valueName":"search_term_string"}}],"inLanguage":"en-GB"},{"@type":["Person","Organization"],"@id":"https:\/\/www.elena-cascarigny.com\/#\/schema\/person\/c3dbb269a26ffe268de45e39c6a5fe9a","name":"elena-cascarigny","image":{"@type":"ImageObject","inLanguage":"en-GB","@id":"http:\/\/elena-cascarigny.com\/wp-content\/uploads\/2019\/10\/cropped-logo_3-2.png","url":"http:\/\/elena-cascarigny.com\/wp-content\/uploads\/2019\/10\/cropped-logo_3-2.png","contentUrl":"http:\/\/elena-cascarigny.com\/wp-content\/uploads\/2019\/10\/cropped-logo_3-2.png","width":7467,"height":7425,"caption":"elena-cascarigny"},"logo":{"@id":"http:\/\/elena-cascarigny.com\/wp-content\/uploads\/2019\/10\/cropped-logo_3-2.png"},"sameAs":["https:\/\/www.linkedin.com\/in\/elena-cascarigny-60161b141\/"]}]}},"_links":{"self":[{"href":"https:\/\/www.elena-cascarigny.com\/en\/wp-json\/wp\/v2\/pages\/764","targetHints":{"allow":["GET"]}}],"collection":[{"href":"https:\/\/www.elena-cascarigny.com\/en\/wp-json\/wp\/v2\/pages"}],"about":[{"href":"https:\/\/www.elena-cascarigny.com\/en\/wp-json\/wp\/v2\/types\/page"}],"author":[{"embeddable":true,"href":"https:\/\/www.elena-cascarigny.com\/en\/wp-json\/wp\/v2\/users\/1"}],"replies":[{"embeddable":true,"href":"https:\/\/www.elena-cascarigny.com\/en\/wp-json\/wp\/v2\/comments?post=764"}],"version-history":[{"count":2,"href":"https:\/\/www.elena-cascarigny.com\/en\/wp-json\/wp\/v2\/pages\/764\/revisions"}],"predecessor-version":[{"id":16447,"href":"https:\/\/www.elena-cascarigny.com\/en\/wp-json\/wp\/v2\/pages\/764\/revisions\/16447"}],"wp:attachment":[{"href":"https:\/\/www.elena-cascarigny.com\/en\/wp-json\/wp\/v2\/media?parent=764"}],"curies":[{"name":"wp","href":"https:\/\/api.w.org\/{rel}","templated":true}]}}