{"id":7129,"date":"2022-09-10T10:59:24","date_gmt":"2022-09-10T08:59:24","guid":{"rendered":"https:\/\/www.elena-cascarigny.com\/?page_id=7129"},"modified":"2026-03-28T11:01:10","modified_gmt":"2026-03-28T10:01:10","slug":"yoga-des-emotions","status":"publish","type":"page","link":"https:\/\/www.elena-cascarigny.com\/en\/yoga-des-emotions\/","title":{"rendered":"Atelier Yoga des \u00e9motions"},"content":{"rendered":"<p class=\"has-text-align-center\">C&rsquo;est avec un immense plaisir que je vous pr\u00e9sente l&rsquo;atelier \u00ab\u00a0Yoga des \u00e9motions \u00bb. Cet atelier a pour but de vous aider \u00e0 comprendre, accueillir et cultiver vos \u00e9motions gr\u00e2ce au yoga.<br><\/p>\n\n\n<div class=\"wp-block-image\">\n<figure class=\"aligncenter size-full is-resized\"><img fetchpriority=\"high\" decoding=\"async\" width=\"500\" height=\"346\" src=\"https:\/\/www.elena-cascarigny.com\/wp-content\/uploads\/2025\/06\/Capture-decran-2025-06-06-a-12.18.08-2.png\" alt=\"\" class=\"wp-image-16644\" style=\"width:624px;height:auto\" srcset=\"https:\/\/www.elena-cascarigny.com\/wp-content\/uploads\/2025\/06\/Capture-decran-2025-06-06-a-12.18.08-2.png 500w, https:\/\/www.elena-cascarigny.com\/wp-content\/uploads\/2025\/06\/Capture-decran-2025-06-06-a-12.18.08-2-300x208.png 300w, https:\/\/www.elena-cascarigny.com\/wp-content\/uploads\/2025\/06\/Capture-decran-2025-06-06-a-12.18.08-2-18x12.png 18w\" sizes=\"(max-width: 500px) 100vw, 500px\" \/><\/figure>\n<\/div>\n\n\n<div style=\"height:47px\" aria-hidden=\"true\" class=\"wp-block-spacer\"><\/div>\n\n\n\n<div class=\"wp-block-columns is-layout-flex wp-container-core-columns-is-layout-9d6595d7 wp-block-columns-is-layout-flex\">\n<div class=\"wp-block-column is-layout-flow wp-block-column-is-layout-flow\">\n<h3 class=\"wp-block-heading has-text-align-center\"><strong>Pour qui ?<\/strong><\/h3>\n\n\n\n<p class=\"has-text-align-center\">Cet atelier s&rsquo;adresse \u00e0 toutes personnes qui souhaitent <strong>trouver d&rsquo;autres moyens de g\u00e9rer les \u00e9motions<\/strong>, avec bienveillance et en \u00e9tant \u00e0 l&rsquo;\u00e9coute des sensations corporelles. <strong>D\u00e9butants ou initi\u00e9es au Yoga<\/strong> sont bienvenus &#8211; l&rsquo;atelier se propose comme une initiation au Yoga avec un focus sur les \u00e9motions. <\/p>\n<\/div>\n\n\n\n<div class=\"wp-block-column is-layout-flow wp-block-column-is-layout-flow\">\n<h3 class=\"wp-block-heading has-text-align-center\"><strong>Pourquoi ?<\/strong><\/h3>\n\n\n\n<p class=\"has-text-align-center\"><strong>Outil de bien-\u00eatre au quotidien<\/strong>, la pratique du Yoga se diff\u00e9rencie d&rsquo;autres pratiques physiques par l&rsquo;<strong>intention<\/strong> de la pratique. Le Yoga a pour objectif de nous ramener \u00e0 l&rsquo;<strong>instant pr\u00e9sent,<\/strong> de <strong>nous connecter \u00e0 ce qui se meut en nous<\/strong> (nos pens\u00e9es, nos \u00e9motions, nos sensations..) avec douceur et bienveillance.<\/p>\n\n\n\n<p><\/p>\n<\/div>\n<\/div>\n\n\n\n<p class=\"has-text-align-center\">En venant poser un autre regard sur nos \u00e9motions et en venant explorer dans le corps l&rsquo;expression de celles-ci, l&rsquo;objectif est d\u2019<strong>acqu\u00e9rir de nouveaux outils de r\u00e9gulation \u00e9motionnelle<\/strong>.<\/p>\n\n\n\n<p class=\"has-text-align-center\">Nous viendrons explorer neuf \u00e9motions : la <strong>Tristesse<\/strong>, la <strong>Joie<\/strong>, la <strong>Peur<\/strong>, le<strong> Courage<\/strong>, la <strong>Col\u00e8re<\/strong>,<strong>Amour<\/strong>, le <strong>D\u00e9gout<\/strong>, l\u2019<strong>\u00c9merveillement<\/strong> et le <strong>Calme<\/strong>.<br><br>Le cycle \u00ab&nbsp;<strong>Yoga on emotions<\/strong> \u00bb se compose donc de <strong>9 s\u00e9ances<\/strong> o\u00f9 chaque s\u00e9ance aura pour th\u00e8me une des \u00e9motions. Nous commencerons par une <em>r\u00e9flexion sur l&rsquo;\u00e9motion<\/em>. Nous pratiquerons des <em>asanas (postures)<\/em>, des <em>pranayamas (exercices de respiration)<\/em>, des chants de <em>mantras <\/em>ainsi que des <em>m\u00e9ditations<\/em> and <em>visualisations.<\/em> Nous finirons chaque s\u00e9ance par une <em>relaxation<\/em> ainsi qu\u2019un<em> partage en groupe<\/em>.<br><br>Ainsi chaque composante de l&rsquo;\u00e9motion &#8211; cognitive, physique et comportementale &#8211; aura une place dans cet atelier.<br><br>Vous recevrez apr\u00e8s chaque s\u00e9ance des propositions d\u2019enchainements de postures afin de vous apporter au quotidien ce dont vous avez besoin, en fonction de l&rsquo;\u00e9motion pr\u00e9sente ou que vous souhaitez cultiver.<\/p>\n\n\n\n<p class=\"has-text-align-center\">Pour en savoir plus sur le yoga sur les <strong>bienfaits du Yoga<\/strong>, vous pouvez consulter <a href=\"https:\/\/www.elena-cascarigny.com\/en\/2022\/07\/04\/benefices-yoga\/\" target=\"_blank\" rel=\"noreferrer noopener\">cet article<\/a>.<br>Et pour vous informer sur ma pratique et vision du Yoga en g\u00e9n\u00e9ral, je vous invite \u00e0 vous rendre sur <a href=\"https:\/\/www.elena-cascarigny.com\/en\/yoga\/\" target=\"_blank\" rel=\"noreferrer noopener\">cette page<\/a>.<\/p>\n\n\n\n<div class=\"wp-block-columns is-layout-flex wp-container-core-columns-is-layout-9d6595d7 wp-block-columns-is-layout-flex\">\n<div class=\"wp-block-column is-layout-flow wp-block-column-is-layout-flow\">\n<h3 class=\"wp-block-heading has-text-align-center\"><strong>Quand ?<\/strong><\/h3>\n\n\n\n<div style=\"height:41px\" aria-hidden=\"true\" class=\"wp-block-spacer\"><\/div>\n\n\n\n<p class=\"has-text-align-center\">Pas de dates actuellement<\/p>\n<\/div>\n\n\n\n<div class=\"wp-block-column is-layout-flow wp-block-column-is-layout-flow\">\n<h3 class=\"wp-block-heading has-text-align-center\"><strong>O\u00f9 ?<\/strong><\/h3>\n\n\n\n<p class=\"has-text-align-center\">Espace Igozko,<br>15 rue de la feuill\u00e9e,<br>64100 Bayonne<\/p>\n\n\n\n<h3 class=\"wp-block-heading has-text-align-center\"><strong>Combien ?<\/strong><\/h3>\n\n\n\n<p class=\"has-text-align-center\">250\u20ac pour le cycle<br>ou \u00e0 l&rsquo;unit\u00e9 pour 30 \u20ac la s\u00e9ance<\/p>\n\n\n\n<h3 class=\"wp-block-heading has-text-align-center\"><strong>Comment ?<\/strong><\/h3>\n\n\n\n<p class=\"has-text-align-center\">R\u00e9servations au 06 80 96 95 42<br>8 personnes maximum<\/p>\n<\/div>\n<\/div>\n\n\n\n<p><br><\/p>","protected":false},"excerpt":{"rendered":"<p>C&rsquo;est avec un immense plaisir que je vous pr\u00e9sente l&rsquo;atelier \u00ab\u00a0Yoga des \u00e9motions \u00bb. Cet atelier a pour but de vous aider \u00e0 comprendre, accueillir et cultiver vos \u00e9motions gr\u00e2ce au yoga. Pour qui ? Cet atelier s&rsquo;adresse \u00e0 toutes personnes qui souhaitent trouver d&rsquo;autres moyens de g\u00e9rer les \u00e9motions, avec bienveillance et en \u00e9tant&#8230;<\/p>","protected":false},"author":1,"featured_media":7158,"parent":0,"menu_order":0,"comment_status":"closed","ping_status":"closed","template":"","meta":{"_kad_post_transparent":"","_kad_post_title":"","_kad_post_layout":"","_kad_post_sidebar_id":"","_kad_post_content_style":"","_kad_post_vertical_padding":"","_kad_post_feature":"","_kad_post_feature_position":"","_kad_post_header":false,"_kad_post_footer":false,"_kad_post_classname":"","footnotes":""},"class_list":["post-7129","page","type-page","status-publish","has-post-thumbnail","hentry"],"yoast_head":"<!-- This site is optimized with the Yoast SEO plugin v27.4 - https:\/\/yoast.com\/product\/yoast-seo-wordpress\/ -->\n<title>Atelier Yoga des \u00e9motions - Elena Cascarigny<\/title>\n<meta name=\"description\" content=\"Venez d\u00e9couvrir l&#039;atelier Yoga des \u00e9motions \u00e0 Bayonne afin de comprendre, accueillir et cultiver vos \u00e9motions.\" \/>\n<meta name=\"robots\" content=\"index, follow, max-snippet:-1, max-image-preview:large, max-video-preview:-1\" \/>\n<link rel=\"canonical\" href=\"https:\/\/www.elena-cascarigny.com\/en\/yoga-des-emotions\/\" \/>\n<meta property=\"og:locale\" content=\"en_GB\" \/>\n<meta property=\"og:type\" content=\"article\" \/>\n<meta property=\"og:title\" content=\"Atelier Yoga des \u00e9motions - Elena Cascarigny\" \/>\n<meta property=\"og:description\" content=\"Venez d\u00e9couvrir l&#039;atelier Yoga des \u00e9motions \u00e0 Bayonne afin de comprendre, accueillir et cultiver vos \u00e9motions.\" \/>\n<meta property=\"og:url\" content=\"https:\/\/www.elena-cascarigny.com\/en\/yoga-des-emotions\/\" \/>\n<meta property=\"og:site_name\" content=\"Elena Cascarigny\" \/>\n<meta property=\"article:modified_time\" content=\"2026-03-28T10:01:10+00:00\" \/>\n<meta property=\"og:image\" content=\"https:\/\/www.elena-cascarigny.com\/wp-content\/uploads\/2022\/09\/Capture-de\u0301cran-2022-09-10-a\u0300-10.44.35.png\" \/>\n\t<meta property=\"og:image:width\" content=\"285\" \/>\n\t<meta property=\"og:image:height\" content=\"288\" \/>\n\t<meta property=\"og:image:type\" content=\"image\/png\" \/>\n<meta name=\"twitter:card\" content=\"summary_large_image\" \/>\n<meta name=\"twitter:label1\" content=\"Estimated reading time\" \/>\n\t<meta name=\"twitter:data1\" content=\"3 minutes\" \/>\n<script type=\"application\/ld+json\" class=\"yoast-schema-graph\">{\"@context\":\"https:\\\/\\\/schema.org\",\"@graph\":[{\"@type\":\"WebPage\",\"@id\":\"https:\\\/\\\/www.elena-cascarigny.com\\\/yoga-des-emotions\\\/\",\"url\":\"https:\\\/\\\/www.elena-cascarigny.com\\\/yoga-des-emotions\\\/\",\"name\":\"Atelier Yoga des \u00e9motions - Elena Cascarigny\",\"isPartOf\":{\"@id\":\"https:\\\/\\\/www.elena-cascarigny.com\\\/#website\"},\"primaryImageOfPage\":{\"@id\":\"https:\\\/\\\/www.elena-cascarigny.com\\\/yoga-des-emotions\\\/#primaryimage\"},\"image\":{\"@id\":\"https:\\\/\\\/www.elena-cascarigny.com\\\/yoga-des-emotions\\\/#primaryimage\"},\"thumbnailUrl\":\"https:\\\/\\\/www.elena-cascarigny.com\\\/wp-content\\\/uploads\\\/2022\\\/09\\\/Capture-de\u0301cran-2022-09-10-a\u0300-10.44.35.png\",\"datePublished\":\"2022-09-10T08:59:24+00:00\",\"dateModified\":\"2026-03-28T10:01:10+00:00\",\"description\":\"Venez d\u00e9couvrir l'atelier Yoga des \u00e9motions \u00e0 Bayonne afin de comprendre, accueillir et cultiver vos \u00e9motions.\",\"breadcrumb\":{\"@id\":\"https:\\\/\\\/www.elena-cascarigny.com\\\/yoga-des-emotions\\\/#breadcrumb\"},\"inLanguage\":\"en-GB\",\"potentialAction\":[{\"@type\":\"ReadAction\",\"target\":[\"https:\\\/\\\/www.elena-cascarigny.com\\\/yoga-des-emotions\\\/\"]}]},{\"@type\":\"ImageObject\",\"inLanguage\":\"en-GB\",\"@id\":\"https:\\\/\\\/www.elena-cascarigny.com\\\/yoga-des-emotions\\\/#primaryimage\",\"url\":\"https:\\\/\\\/www.elena-cascarigny.com\\\/wp-content\\\/uploads\\\/2022\\\/09\\\/Capture-de\u0301cran-2022-09-10-a\u0300-10.44.35.png\",\"contentUrl\":\"https:\\\/\\\/www.elena-cascarigny.com\\\/wp-content\\\/uploads\\\/2022\\\/09\\\/Capture-de\u0301cran-2022-09-10-a\u0300-10.44.35.png\",\"width\":285,\"height\":288},{\"@type\":\"BreadcrumbList\",\"@id\":\"https:\\\/\\\/www.elena-cascarigny.com\\\/yoga-des-emotions\\\/#breadcrumb\",\"itemListElement\":[{\"@type\":\"ListItem\",\"position\":1,\"name\":\"Home\",\"item\":\"https:\\\/\\\/www.elena-cascarigny.com\\\/\"},{\"@type\":\"ListItem\",\"position\":2,\"name\":\"Atelier Yoga des \u00e9motions\"}]},{\"@type\":\"WebSite\",\"@id\":\"https:\\\/\\\/www.elena-cascarigny.com\\\/#website\",\"url\":\"https:\\\/\\\/www.elena-cascarigny.com\\\/\",\"name\":\"Psychologue Anglet Bayonne\",\"description\":\"Psychoth\u00e9rapie &amp; Yoga \u00e0 Bayonne\",\"publisher\":{\"@id\":\"https:\\\/\\\/www.elena-cascarigny.com\\\/#\\\/schema\\\/person\\\/c3dbb269a26ffe268de45e39c6a5fe9a\"},\"potentialAction\":[{\"@type\":\"SearchAction\",\"target\":{\"@type\":\"EntryPoint\",\"urlTemplate\":\"https:\\\/\\\/www.elena-cascarigny.com\\\/?s={search_term_string}\"},\"query-input\":{\"@type\":\"PropertyValueSpecification\",\"valueRequired\":true,\"valueName\":\"search_term_string\"}}],\"inLanguage\":\"en-GB\"},{\"@type\":[\"Person\",\"Organization\"],\"@id\":\"https:\\\/\\\/www.elena-cascarigny.com\\\/#\\\/schema\\\/person\\\/c3dbb269a26ffe268de45e39c6a5fe9a\",\"name\":\"elena-cascarigny\",\"image\":{\"@type\":\"ImageObject\",\"inLanguage\":\"en-GB\",\"@id\":\"http:\\\/\\\/elena-cascarigny.com\\\/wp-content\\\/uploads\\\/2019\\\/10\\\/cropped-logo_3-2.png\",\"url\":\"http:\\\/\\\/elena-cascarigny.com\\\/wp-content\\\/uploads\\\/2019\\\/10\\\/cropped-logo_3-2.png\",\"contentUrl\":\"http:\\\/\\\/elena-cascarigny.com\\\/wp-content\\\/uploads\\\/2019\\\/10\\\/cropped-logo_3-2.png\",\"width\":7467,\"height\":7425,\"caption\":\"elena-cascarigny\"},\"logo\":{\"@id\":\"http:\\\/\\\/elena-cascarigny.com\\\/wp-content\\\/uploads\\\/2019\\\/10\\\/cropped-logo_3-2.png\"},\"sameAs\":[\"https:\\\/\\\/www.linkedin.com\\\/in\\\/elena-cascarigny-60161b141\\\/\"]}]}<\/script>\n<!-- \/ Yoast SEO plugin. -->","yoast_head_json":{"title":"Atelier Yoga des \u00e9motions - Elena Cascarigny","description":"Venez d\u00e9couvrir l'atelier Yoga des \u00e9motions \u00e0 Bayonne afin de comprendre, accueillir et cultiver vos \u00e9motions.","robots":{"index":"index","follow":"follow","max-snippet":"max-snippet:-1","max-image-preview":"max-image-preview:large","max-video-preview":"max-video-preview:-1"},"canonical":"https:\/\/www.elena-cascarigny.com\/en\/yoga-des-emotions\/","og_locale":"en_GB","og_type":"article","og_title":"Atelier Yoga des \u00e9motions - Elena Cascarigny","og_description":"Venez d\u00e9couvrir l'atelier Yoga des \u00e9motions \u00e0 Bayonne afin de comprendre, accueillir et cultiver vos \u00e9motions.","og_url":"https:\/\/www.elena-cascarigny.com\/en\/yoga-des-emotions\/","og_site_name":"Elena Cascarigny","article_modified_time":"2026-03-28T10:01:10+00:00","og_image":[{"width":285,"height":288,"url":"https:\/\/www.elena-cascarigny.com\/wp-content\/uploads\/2022\/09\/Capture-de\u0301cran-2022-09-10-a\u0300-10.44.35.png","type":"image\/png"}],"twitter_card":"summary_large_image","twitter_misc":{"Estimated reading time":"3 minutes"},"schema":{"@context":"https:\/\/schema.org","@graph":[{"@type":"WebPage","@id":"https:\/\/www.elena-cascarigny.com\/yoga-des-emotions\/","url":"https:\/\/www.elena-cascarigny.com\/yoga-des-emotions\/","name":"Atelier Yoga des \u00e9motions - Elena Cascarigny","isPartOf":{"@id":"https:\/\/www.elena-cascarigny.com\/#website"},"primaryImageOfPage":{"@id":"https:\/\/www.elena-cascarigny.com\/yoga-des-emotions\/#primaryimage"},"image":{"@id":"https:\/\/www.elena-cascarigny.com\/yoga-des-emotions\/#primaryimage"},"thumbnailUrl":"https:\/\/www.elena-cascarigny.com\/wp-content\/uploads\/2022\/09\/Capture-de\u0301cran-2022-09-10-a\u0300-10.44.35.png","datePublished":"2022-09-10T08:59:24+00:00","dateModified":"2026-03-28T10:01:10+00:00","description":"Venez d\u00e9couvrir l'atelier Yoga des \u00e9motions \u00e0 Bayonne afin de comprendre, accueillir et cultiver vos \u00e9motions.","breadcrumb":{"@id":"https:\/\/www.elena-cascarigny.com\/yoga-des-emotions\/#breadcrumb"},"inLanguage":"en-GB","potentialAction":[{"@type":"ReadAction","target":["https:\/\/www.elena-cascarigny.com\/yoga-des-emotions\/"]}]},{"@type":"ImageObject","inLanguage":"en-GB","@id":"https:\/\/www.elena-cascarigny.com\/yoga-des-emotions\/#primaryimage","url":"https:\/\/www.elena-cascarigny.com\/wp-content\/uploads\/2022\/09\/Capture-de\u0301cran-2022-09-10-a\u0300-10.44.35.png","contentUrl":"https:\/\/www.elena-cascarigny.com\/wp-content\/uploads\/2022\/09\/Capture-de\u0301cran-2022-09-10-a\u0300-10.44.35.png","width":285,"height":288},{"@type":"BreadcrumbList","@id":"https:\/\/www.elena-cascarigny.com\/yoga-des-emotions\/#breadcrumb","itemListElement":[{"@type":"ListItem","position":1,"name":"Home","item":"https:\/\/www.elena-cascarigny.com\/"},{"@type":"ListItem","position":2,"name":"Atelier Yoga des \u00e9motions"}]},{"@type":"WebSite","@id":"https:\/\/www.elena-cascarigny.com\/#website","url":"https:\/\/www.elena-cascarigny.com\/","name":"Psychologue Anglet Bayonne","description":"Psychoth\u00e9rapie &amp; Yoga \u00e0 Bayonne","publisher":{"@id":"https:\/\/www.elena-cascarigny.com\/#\/schema\/person\/c3dbb269a26ffe268de45e39c6a5fe9a"},"potentialAction":[{"@type":"SearchAction","target":{"@type":"EntryPoint","urlTemplate":"https:\/\/www.elena-cascarigny.com\/?s={search_term_string}"},"query-input":{"@type":"PropertyValueSpecification","valueRequired":true,"valueName":"search_term_string"}}],"inLanguage":"en-GB"},{"@type":["Person","Organization"],"@id":"https:\/\/www.elena-cascarigny.com\/#\/schema\/person\/c3dbb269a26ffe268de45e39c6a5fe9a","name":"elena-cascarigny","image":{"@type":"ImageObject","inLanguage":"en-GB","@id":"http:\/\/elena-cascarigny.com\/wp-content\/uploads\/2019\/10\/cropped-logo_3-2.png","url":"http:\/\/elena-cascarigny.com\/wp-content\/uploads\/2019\/10\/cropped-logo_3-2.png","contentUrl":"http:\/\/elena-cascarigny.com\/wp-content\/uploads\/2019\/10\/cropped-logo_3-2.png","width":7467,"height":7425,"caption":"elena-cascarigny"},"logo":{"@id":"http:\/\/elena-cascarigny.com\/wp-content\/uploads\/2019\/10\/cropped-logo_3-2.png"},"sameAs":["https:\/\/www.linkedin.com\/in\/elena-cascarigny-60161b141\/"]}]}},"_links":{"self":[{"href":"https:\/\/www.elena-cascarigny.com\/en\/wp-json\/wp\/v2\/pages\/7129","targetHints":{"allow":["GET"]}}],"collection":[{"href":"https:\/\/www.elena-cascarigny.com\/en\/wp-json\/wp\/v2\/pages"}],"about":[{"href":"https:\/\/www.elena-cascarigny.com\/en\/wp-json\/wp\/v2\/types\/page"}],"author":[{"embeddable":true,"href":"https:\/\/www.elena-cascarigny.com\/en\/wp-json\/wp\/v2\/users\/1"}],"replies":[{"embeddable":true,"href":"https:\/\/www.elena-cascarigny.com\/en\/wp-json\/wp\/v2\/comments?post=7129"}],"version-history":[{"count":24,"href":"https:\/\/www.elena-cascarigny.com\/en\/wp-json\/wp\/v2\/pages\/7129\/revisions"}],"predecessor-version":[{"id":16716,"href":"https:\/\/www.elena-cascarigny.com\/en\/wp-json\/wp\/v2\/pages\/7129\/revisions\/16716"}],"wp:featuredmedia":[{"embeddable":true,"href":"https:\/\/www.elena-cascarigny.com\/en\/wp-json\/wp\/v2\/media\/7158"}],"wp:attachment":[{"href":"https:\/\/www.elena-cascarigny.com\/en\/wp-json\/wp\/v2\/media?parent=7129"}],"curies":[{"name":"wp","href":"https:\/\/api.w.org\/{rel}","templated":true}]}}