{"id":436,"date":"2020-04-07T10:15:49","date_gmt":"2020-04-07T08:15:49","guid":{"rendered":"http:\/\/elena-cascarigny.com\/?page_id=436"},"modified":"2026-03-28T10:53:52","modified_gmt":"2026-03-28T09:53:52","slug":"informations-pratiques-elena-cascarigny","status":"publish","type":"page","link":"https:\/\/www.elena-cascarigny.com\/en\/informations-pratiques-elena-cascarigny\/","title":{"rendered":"Informations"},"content":{"rendered":"<div style=\"height:20px\" aria-hidden=\"true\" class=\"wp-block-spacer\"><\/div>\n\n\n\n<h4 class=\"wp-block-heading\"><strong>Psychotherapy sessions <\/strong>sur RDV <\/h4>\n\n\n\n<ul class=\"wp-block-list\">\n<li>en ligne<\/li>\n\n\n\n<li>\u00e0 Bayonne au cabinet les Lundis (9h-16h), Mardis (9h-18h) et jeudis matins (9h-13h)<\/li>\n\n\n\n<li>dans la for\u00eat de Chiberta <\/li>\n<\/ul>\n\n\n\n<div style=\"height:25px\" aria-hidden=\"true\" class=\"wp-block-spacer\"><\/div>\n\n\n\n<p><strong>Duration <\/strong>: 50-55 minutes<\/p>\n\n\n\n<p><strong>Prices <\/strong>: 65\u20ac<\/p>\n\n\n\n<p>First session is due.<\/p>\n\n\n\n<p><em>Session are not refunded by the french social security system. <\/em>C<em>Some complementary insurance might accept to refund a part of the therapy.<\/em>e.<\/p>\n\n\n\n<p><em>Vous avez la possibilit\u00e9 d\u2019annuler la consultation jusqu\u2019\u00e0 48h \u00e0 l\u2019avance. Pass\u00e9 ce d\u00e9lai, la consultation sera consid\u00e9r\u00e9e comme due. <\/em><\/p>\n\n\n\n<div style=\"height:49px\" aria-hidden=\"true\" class=\"wp-block-spacer\"><\/div>\n\n\n\n<h4 class=\"wp-block-heading\">Venir au cabinet au Forum<a href=\"https:\/\/www.facebook.com\/igozko\/\" target=\"_blank\" rel=\"noreferrer noopener\"><\/a> \u00e0 Bayonne<\/h4>\n\n\n\n<p><\/p>\n\n\n\n<p>14 rue Arnaud D\u00e9troyat<br>ZI Le Forum<br>64100 Bayonne<\/p>\n\n\n\n<div style=\"height:41px\" aria-hidden=\"true\" class=\"wp-block-spacer\"><\/div>\n\n\n\n<iframe src=\"https:\/\/www.google.com\/maps\/embed?pb=!1m18!1m12!1m3!1d2894.5790189002632!2d-1.4924849999999996!3d43.49025520000001!2m3!1f0!2f0!3f0!3m2!1i1024!2i768!4f13.1!3m3!1m2!1s0xd514068901ed3c1%3A0x7bf3c316803be7b6!2s14%20Rue%20Arnaud%20Detroyat%2C%2064100%20Bayonne!5e0!3m2!1sfr!2sfr!4v1661013881165!5m2!1sfr!2sfr\" width=\"600\" height=\"450\" style=\"border:0;\" allowfullscreen=\"\" loading=\"lazy\" referrerpolicy=\"no-referrer-when-downgrade\"><\/iframe>\n\n\n\n<div style=\"height:41px\" aria-hidden=\"true\" class=\"wp-block-spacer\"><\/div>\n\n\n\n<p><strong>Places de parking disponibles <\/strong>autour du cabinet <br><strong>Transport en commun<\/strong> : Tram T1 ( arr\u00eat Forum ou Ar\u00e8nes &#8211; Los Pontots) &amp; Bus 32 (arr\u00eat Capucins)<\/p>\n\n\n\n<div style=\"height:75px\" aria-hidden=\"true\" class=\"wp-block-spacer\"><\/div>\n\n\n\n<p><strong>Languages :<\/strong> <br>- French <br>- English <br>- German<\/p>\n\n\n\n<p><\/p>\n\n\n\n<p>Pour en savoir plus sur ma pratique, c&rsquo;est par <a href=\"https:\/\/www.elena-cascarigny.com\/en\/ma-pratique\/\" target=\"_blank\" rel=\"noreferrer noopener\">here<\/a>.<\/p>\n\n\n\n<div style=\"height:66px\" aria-hidden=\"true\" class=\"wp-block-spacer\"><\/div>\n\n\n\n<h4 class=\"wp-block-heading\"><strong>About online therapy<\/strong><\/h4>\n\n\n\n<div style=\"height:20px\" aria-hidden=\"true\" class=\"wp-block-spacer\"><\/div>\n\n\n\n<p>Online therapy has the advantage of easy access. You can have your therapy session in the comfort of your home or in a setting of your choice.<\/p>\n\n\n\n<p>La th\u00e9rapie en ligne peut vous convenir si vous habitez loin de mon lieu d&rsquo;exercice ou si vous avez des difficult\u00e9s pour vous d\u00e9placer.<\/p>\n\n\n\n<p>La th\u00e9rapie en ligne n\u2019est pas appropri\u00e9e pour les personnes en  grande d\u00e9tresse avec des pens\u00e9es suicidaires ou d\u2019homicide. La th\u00e9rapie  en ligne ne doit pas \u00eatre utilis\u00e9 comme un outil d\u2019intervention de  crise.<br>If you are in an emergency and need direct help, you'll find <a href=\"http:\/\/www.suicide.org\/hotlines\/international\/france-suicide-hotlines.html\" target=\"_blank\" rel=\"noreferrer noopener\">here<\/a> a list of french emergency hotlines.<\/p>\n\n\n\n<div style=\"height:100px\" aria-hidden=\"true\" class=\"wp-block-spacer\"><\/div>\n\n\n\n<h4 class=\"wp-block-heading\">Contact me today for a first appointment.<\/h4>\n\n\n\n<p>By Phone : + 33 6 80 96 95 42<\/p>\n\n\n\n<p>By mail at <a href=\"mailto:elena.cascarigny@outlook.fr\">elena.cascarigny@outlook.fr<\/a><\/p>\n\n\n\n<p><\/p>","protected":false},"excerpt":{"rendered":"<p>Consultations sur RDV Dur\u00e9e : 50-55 minutes Tarifs : 65\u20ac La premi\u00e8re s\u00e9ance est due. Les s\u00e9ances ne sont pas prises en charge par la s\u00e9curit\u00e9 sociale. Certaines mutuelles acceptent de rembourser une partie. Vous avez la possibilit\u00e9 d\u2019annuler la consultation jusqu\u2019\u00e0 48h \u00e0 l\u2019avance. Pass\u00e9 ce d\u00e9lai, la consultation sera consid\u00e9r\u00e9e comme due. Venir&#8230;<\/p>","protected":false},"author":1,"featured_media":0,"parent":0,"menu_order":0,"comment_status":"closed","ping_status":"closed","template":"","meta":{"_kad_post_transparent":"","_kad_post_title":"","_kad_post_layout":"","_kad_post_sidebar_id":"","_kad_post_content_style":"","_kad_post_vertical_padding":"","_kad_post_feature":"","_kad_post_feature_position":"","_kad_post_header":false,"_kad_post_footer":false,"_kad_post_classname":"","footnotes":""},"class_list":["post-436","page","type-page","status-publish","hentry"],"yoast_head":"<!-- This site is optimized with the Yoast SEO plugin v27.4 - https:\/\/yoast.com\/product\/yoast-seo-wordpress\/ -->\n<title>Informations pratiques du cabinet de th\u00e9rapie - Elena Cascarigny<\/title>\n<meta name=\"description\" content=\"Informations pratiques du cabinet d&#039;Elena Cascarigny: localisation, dur\u00e9e et tarifs des s\u00e9ances, \u00e0 propos de la th\u00e9rapie en ligne, contact...\" \/>\n<meta name=\"robots\" content=\"index, follow, max-snippet:-1, max-image-preview:large, max-video-preview:-1\" \/>\n<link rel=\"canonical\" href=\"https:\/\/www.elena-cascarigny.com\/en\/informations-pratiques-elena-cascarigny\/\" \/>\n<meta property=\"og:locale\" content=\"en_GB\" \/>\n<meta property=\"og:type\" content=\"article\" \/>\n<meta property=\"og:title\" content=\"Informations pratiques du cabinet de th\u00e9rapie - Elena Cascarigny\" \/>\n<meta property=\"og:description\" content=\"Informations pratiques du cabinet d&#039;Elena Cascarigny: localisation, dur\u00e9e et tarifs des s\u00e9ances, \u00e0 propos de la th\u00e9rapie en ligne, contact...\" \/>\n<meta property=\"og:url\" content=\"https:\/\/www.elena-cascarigny.com\/en\/informations-pratiques-elena-cascarigny\/\" \/>\n<meta property=\"og:site_name\" content=\"Elena Cascarigny\" \/>\n<meta property=\"article:modified_time\" content=\"2026-03-28T09:53:52+00:00\" \/>\n<meta property=\"og:image\" content=\"https:\/\/www.elena-cascarigny.com\/wp-content\/uploads\/2019\/10\/cropped-logo_3-3.png\" \/>\n\t<meta property=\"og:image:width\" content=\"266\" \/>\n\t<meta property=\"og:image:height\" content=\"264\" \/>\n\t<meta property=\"og:image:type\" content=\"image\/png\" \/>\n<meta name=\"twitter:card\" content=\"summary_large_image\" \/>\n<meta name=\"twitter:label1\" content=\"Estimated reading time\" \/>\n\t<meta name=\"twitter:data1\" content=\"2 minutes\" \/>\n<script type=\"application\/ld+json\" class=\"yoast-schema-graph\">{\"@context\":\"https:\\\/\\\/schema.org\",\"@graph\":[{\"@type\":\"WebPage\",\"@id\":\"https:\\\/\\\/www.elena-cascarigny.com\\\/informations-pratiques-elena-cascarigny\\\/\",\"url\":\"https:\\\/\\\/www.elena-cascarigny.com\\\/informations-pratiques-elena-cascarigny\\\/\",\"name\":\"Informations pratiques du cabinet de th\u00e9rapie - Elena Cascarigny\",\"isPartOf\":{\"@id\":\"https:\\\/\\\/www.elena-cascarigny.com\\\/#website\"},\"datePublished\":\"2020-04-07T08:15:49+00:00\",\"dateModified\":\"2026-03-28T09:53:52+00:00\",\"description\":\"Informations pratiques du cabinet d'Elena Cascarigny: localisation, dur\u00e9e et tarifs des s\u00e9ances, \u00e0 propos de la th\u00e9rapie en ligne, contact...\",\"breadcrumb\":{\"@id\":\"https:\\\/\\\/www.elena-cascarigny.com\\\/informations-pratiques-elena-cascarigny\\\/#breadcrumb\"},\"inLanguage\":\"en-GB\",\"potentialAction\":[{\"@type\":\"ReadAction\",\"target\":[\"https:\\\/\\\/www.elena-cascarigny.com\\\/informations-pratiques-elena-cascarigny\\\/\"]}]},{\"@type\":\"BreadcrumbList\",\"@id\":\"https:\\\/\\\/www.elena-cascarigny.com\\\/informations-pratiques-elena-cascarigny\\\/#breadcrumb\",\"itemListElement\":[{\"@type\":\"ListItem\",\"position\":1,\"name\":\"Home\",\"item\":\"https:\\\/\\\/www.elena-cascarigny.com\\\/\"},{\"@type\":\"ListItem\",\"position\":2,\"name\":\"Informations pratiques\"}]},{\"@type\":\"WebSite\",\"@id\":\"https:\\\/\\\/www.elena-cascarigny.com\\\/#website\",\"url\":\"https:\\\/\\\/www.elena-cascarigny.com\\\/\",\"name\":\"Psychologue Anglet Bayonne\",\"description\":\"Psychoth\u00e9rapie &amp; Yoga \u00e0 Bayonne\",\"publisher\":{\"@id\":\"https:\\\/\\\/www.elena-cascarigny.com\\\/#\\\/schema\\\/person\\\/c3dbb269a26ffe268de45e39c6a5fe9a\"},\"potentialAction\":[{\"@type\":\"SearchAction\",\"target\":{\"@type\":\"EntryPoint\",\"urlTemplate\":\"https:\\\/\\\/www.elena-cascarigny.com\\\/?s={search_term_string}\"},\"query-input\":{\"@type\":\"PropertyValueSpecification\",\"valueRequired\":true,\"valueName\":\"search_term_string\"}}],\"inLanguage\":\"en-GB\"},{\"@type\":[\"Person\",\"Organization\"],\"@id\":\"https:\\\/\\\/www.elena-cascarigny.com\\\/#\\\/schema\\\/person\\\/c3dbb269a26ffe268de45e39c6a5fe9a\",\"name\":\"elena-cascarigny\",\"image\":{\"@type\":\"ImageObject\",\"inLanguage\":\"en-GB\",\"@id\":\"http:\\\/\\\/elena-cascarigny.com\\\/wp-content\\\/uploads\\\/2019\\\/10\\\/cropped-logo_3-2.png\",\"url\":\"http:\\\/\\\/elena-cascarigny.com\\\/wp-content\\\/uploads\\\/2019\\\/10\\\/cropped-logo_3-2.png\",\"contentUrl\":\"http:\\\/\\\/elena-cascarigny.com\\\/wp-content\\\/uploads\\\/2019\\\/10\\\/cropped-logo_3-2.png\",\"width\":7467,\"height\":7425,\"caption\":\"elena-cascarigny\"},\"logo\":{\"@id\":\"http:\\\/\\\/elena-cascarigny.com\\\/wp-content\\\/uploads\\\/2019\\\/10\\\/cropped-logo_3-2.png\"},\"sameAs\":[\"https:\\\/\\\/www.linkedin.com\\\/in\\\/elena-cascarigny-60161b141\\\/\"]}]}<\/script>\n<!-- \/ Yoast SEO plugin. -->","yoast_head_json":{"title":"Informations pratiques du cabinet de th\u00e9rapie - Elena Cascarigny","description":"Informations pratiques du cabinet d'Elena Cascarigny: localisation, dur\u00e9e et tarifs des s\u00e9ances, \u00e0 propos de la th\u00e9rapie en ligne, contact...","robots":{"index":"index","follow":"follow","max-snippet":"max-snippet:-1","max-image-preview":"max-image-preview:large","max-video-preview":"max-video-preview:-1"},"canonical":"https:\/\/www.elena-cascarigny.com\/en\/informations-pratiques-elena-cascarigny\/","og_locale":"en_GB","og_type":"article","og_title":"Informations pratiques du cabinet de th\u00e9rapie - Elena Cascarigny","og_description":"Informations pratiques du cabinet d'Elena Cascarigny: localisation, dur\u00e9e et tarifs des s\u00e9ances, \u00e0 propos de la th\u00e9rapie en ligne, contact...","og_url":"https:\/\/www.elena-cascarigny.com\/en\/informations-pratiques-elena-cascarigny\/","og_site_name":"Elena Cascarigny","article_modified_time":"2026-03-28T09:53:52+00:00","og_image":[{"width":266,"height":264,"url":"https:\/\/www.elena-cascarigny.com\/wp-content\/uploads\/2019\/10\/cropped-logo_3-3.png","type":"image\/png"}],"twitter_card":"summary_large_image","twitter_misc":{"Estimated reading time":"2 minutes"},"schema":{"@context":"https:\/\/schema.org","@graph":[{"@type":"WebPage","@id":"https:\/\/www.elena-cascarigny.com\/informations-pratiques-elena-cascarigny\/","url":"https:\/\/www.elena-cascarigny.com\/informations-pratiques-elena-cascarigny\/","name":"Informations pratiques du cabinet de th\u00e9rapie - Elena Cascarigny","isPartOf":{"@id":"https:\/\/www.elena-cascarigny.com\/#website"},"datePublished":"2020-04-07T08:15:49+00:00","dateModified":"2026-03-28T09:53:52+00:00","description":"Informations pratiques du cabinet d'Elena Cascarigny: localisation, dur\u00e9e et tarifs des s\u00e9ances, \u00e0 propos de la th\u00e9rapie en ligne, contact...","breadcrumb":{"@id":"https:\/\/www.elena-cascarigny.com\/informations-pratiques-elena-cascarigny\/#breadcrumb"},"inLanguage":"en-GB","potentialAction":[{"@type":"ReadAction","target":["https:\/\/www.elena-cascarigny.com\/informations-pratiques-elena-cascarigny\/"]}]},{"@type":"BreadcrumbList","@id":"https:\/\/www.elena-cascarigny.com\/informations-pratiques-elena-cascarigny\/#breadcrumb","itemListElement":[{"@type":"ListItem","position":1,"name":"Home","item":"https:\/\/www.elena-cascarigny.com\/"},{"@type":"ListItem","position":2,"name":"Informations pratiques"}]},{"@type":"WebSite","@id":"https:\/\/www.elena-cascarigny.com\/#website","url":"https:\/\/www.elena-cascarigny.com\/","name":"Psychologue Anglet Bayonne","description":"Psychoth\u00e9rapie &amp; Yoga \u00e0 Bayonne","publisher":{"@id":"https:\/\/www.elena-cascarigny.com\/#\/schema\/person\/c3dbb269a26ffe268de45e39c6a5fe9a"},"potentialAction":[{"@type":"SearchAction","target":{"@type":"EntryPoint","urlTemplate":"https:\/\/www.elena-cascarigny.com\/?s={search_term_string}"},"query-input":{"@type":"PropertyValueSpecification","valueRequired":true,"valueName":"search_term_string"}}],"inLanguage":"en-GB"},{"@type":["Person","Organization"],"@id":"https:\/\/www.elena-cascarigny.com\/#\/schema\/person\/c3dbb269a26ffe268de45e39c6a5fe9a","name":"elena-cascarigny","image":{"@type":"ImageObject","inLanguage":"en-GB","@id":"http:\/\/elena-cascarigny.com\/wp-content\/uploads\/2019\/10\/cropped-logo_3-2.png","url":"http:\/\/elena-cascarigny.com\/wp-content\/uploads\/2019\/10\/cropped-logo_3-2.png","contentUrl":"http:\/\/elena-cascarigny.com\/wp-content\/uploads\/2019\/10\/cropped-logo_3-2.png","width":7467,"height":7425,"caption":"elena-cascarigny"},"logo":{"@id":"http:\/\/elena-cascarigny.com\/wp-content\/uploads\/2019\/10\/cropped-logo_3-2.png"},"sameAs":["https:\/\/www.linkedin.com\/in\/elena-cascarigny-60161b141\/"]}]}},"_links":{"self":[{"href":"https:\/\/www.elena-cascarigny.com\/en\/wp-json\/wp\/v2\/pages\/436","targetHints":{"allow":["GET"]}}],"collection":[{"href":"https:\/\/www.elena-cascarigny.com\/en\/wp-json\/wp\/v2\/pages"}],"about":[{"href":"https:\/\/www.elena-cascarigny.com\/en\/wp-json\/wp\/v2\/types\/page"}],"author":[{"embeddable":true,"href":"https:\/\/www.elena-cascarigny.com\/en\/wp-json\/wp\/v2\/users\/1"}],"replies":[{"embeddable":true,"href":"https:\/\/www.elena-cascarigny.com\/en\/wp-json\/wp\/v2\/comments?post=436"}],"version-history":[{"count":31,"href":"https:\/\/www.elena-cascarigny.com\/en\/wp-json\/wp\/v2\/pages\/436\/revisions"}],"predecessor-version":[{"id":16741,"href":"https:\/\/www.elena-cascarigny.com\/en\/wp-json\/wp\/v2\/pages\/436\/revisions\/16741"}],"wp:attachment":[{"href":"https:\/\/www.elena-cascarigny.com\/en\/wp-json\/wp\/v2\/media?parent=436"}],"curies":[{"name":"wp","href":"https:\/\/api.w.org\/{rel}","templated":true}]}}