{"id":16789,"date":"2026-03-28T14:18:26","date_gmt":"2026-03-28T13:18:26","guid":{"rendered":"https:\/\/www.elena-cascarigny.com\/?page_id=16789"},"modified":"2026-04-19T16:42:12","modified_gmt":"2026-04-19T14:42:12","slug":"informations-legales","status":"publish","type":"page","link":"https:\/\/www.elena-cascarigny.com\/en\/informations-legales\/","title":{"rendered":"Legal informations"},"content":{"rendered":"<h1 class=\"wp-block-heading\"><strong>Mentions l\u00e9gales<\/strong><\/h1>\n\n\n\n<h2 class=\"wp-block-heading\">Responsable du contenu selon \u00a7 55 Abs. 2 RStV<br>Mentions l\u00e9gales selon \u00a7 5 TMG <\/h2>\n\n\n\n<p><br>Op\u00e9rateur du site et responsable de la publication:&nbsp;<br>Elena Cascarigny &#8211; EI<\/p>\n\n\n\n<p>Adresse professionnelle :<br>14 rue Arnaud Detroyat<br>64100 Bayonne<br>France<\/p>\n\n\n\n<p>E-mail : <br>elena.cascarigny@outlook.fr<\/p>\n\n\n\n<p>Immatriculation :<br>Registre national des entreprises<br>SIRET : 83262227800048<\/p>\n\n\n\n<p>Num\u00e9ro de TVA intracommunautaire :<br>FR 58832622278<\/p>\n\n\n\n<h3 class=\"wp-block-heading\"><strong>Responsabilit\u00e9 &amp; droits d\u2019auteur<\/strong><\/h3>\n\n\n\n<p><em>Derni\u00e8re mise \u00e0 jour : 2026<\/em><\/p>\n\n\n\n<h3 class=\"wp-block-heading\">Responsabilit\u00e9 du contenu<\/h3>\n\n\n\n<p>En tant que prestataire de services, je suis responsable de mes propres contenus conform\u00e9ment aux dispositions l\u00e9gales en vigueur. Je ne suis pas tenue de surveiller les contenus transmis ou stock\u00e9s par des tiers en l\u2019absence d\u2019indices concrets d\u2019une activit\u00e9 illicite.<\/p>\n\n\n\n<p>Les contenus illicites seront supprim\u00e9s d\u00e8s leur identification.<\/p>\n\n\n\n<h3 class=\"wp-block-heading\">Responsabilit\u00e9 des liens<\/h3>\n\n\n\n<p>Ce site contient des liens vers des sites web externes sur lesquels je n\u2019exerce aucun contr\u00f4le. Le contenu de ces sites rel\u00e8ve de la responsabilit\u00e9 de leurs \u00e9diteurs respectifs. Les liens seront supprim\u00e9s d\u00e8s qu\u2019une violation de la loi sera port\u00e9e \u00e0 ma connaissance.<\/p>\n\n\n\n<h3 class=\"wp-block-heading\">Droit d\u2019auteur<\/h3>\n\n\n\n<p>Les contenus et \u0153uvres cr\u00e9\u00e9s par l\u2019exploitante du site sont prot\u00e9g\u00e9s par le droit d\u2019auteur applicable. Toute utilisation en dehors du cadre l\u00e9gal n\u00e9cessite une autorisation \u00e9crite pr\u00e9alable. Les contenus de tiers sont signal\u00e9s comme tels.<\/p>","protected":false},"excerpt":{"rendered":"<p>Mentions l\u00e9gales Responsable du contenu selon \u00a7 55 Abs. 2 RStVMentions l\u00e9gales selon \u00a7 5 TMG Op\u00e9rateur du site et responsable de la publication:&nbsp;Elena Cascarigny &#8211; EI Adresse professionnelle :14 rue Arnaud Detroyat64100 BayonneFrance E-mail : elena.cascarigny@outlook.fr Immatriculation :Registre national des entreprisesSIRET : 83262227800048 Num\u00e9ro de TVA intracommunautaire :FR 58832622278 Responsabilit\u00e9 &amp; droits d\u2019auteur Derni\u00e8re&#8230;<\/p>","protected":false},"author":1,"featured_media":0,"parent":0,"menu_order":0,"comment_status":"closed","ping_status":"closed","template":"","meta":{"_kad_post_transparent":"","_kad_post_title":"","_kad_post_layout":"","_kad_post_sidebar_id":"","_kad_post_content_style":"","_kad_post_vertical_padding":"","_kad_post_feature":"","_kad_post_feature_position":"","_kad_post_header":false,"_kad_post_footer":false,"_kad_post_classname":"","footnotes":""},"class_list":["post-16789","page","type-page","status-publish","hentry"],"yoast_head":"<!-- This site is optimized with the Yoast SEO plugin v27.6 - https:\/\/yoast.com\/product\/yoast-seo-wordpress\/ -->\n<title>Informations l\u00e9gales - Elena Cascarigny<\/title>\n<meta name=\"robots\" content=\"index, follow, max-snippet:-1, max-image-preview:large, max-video-preview:-1\" \/>\n<link rel=\"canonical\" href=\"https:\/\/www.elena-cascarigny.com\/en\/informations-legales\/\" \/>\n<meta property=\"og:locale\" content=\"en_GB\" \/>\n<meta property=\"og:type\" content=\"article\" \/>\n<meta property=\"og:title\" content=\"Informations l\u00e9gales - Elena Cascarigny\" \/>\n<meta property=\"og:description\" content=\"Mentions l\u00e9gales Responsable du contenu selon \u00a7 55 Abs. 2 RStVMentions l\u00e9gales selon \u00a7 5 TMG Op\u00e9rateur du site et responsable de la publication:&nbsp;Elena Cascarigny &#8211; EI Adresse professionnelle :14 rue Arnaud Detroyat64100 BayonneFrance E-mail : elena.cascarigny@outlook.fr Immatriculation :Registre national des entreprisesSIRET : 83262227800048 Num\u00e9ro de TVA intracommunautaire :FR 58832622278 Responsabilit\u00e9 &amp; droits d\u2019auteur Derni\u00e8re...\" \/>\n<meta property=\"og:url\" content=\"https:\/\/www.elena-cascarigny.com\/en\/informations-legales\/\" \/>\n<meta property=\"og:site_name\" content=\"Elena Cascarigny\" \/>\n<meta property=\"article:modified_time\" content=\"2026-04-19T14:42:12+00:00\" \/>\n<meta property=\"og:image\" content=\"https:\/\/www.elena-cascarigny.com\/wp-content\/uploads\/2019\/10\/cropped-logo_3-3.png\" \/>\n\t<meta property=\"og:image:width\" content=\"266\" \/>\n\t<meta property=\"og:image:height\" content=\"264\" \/>\n\t<meta property=\"og:image:type\" content=\"image\/png\" \/>\n<meta name=\"twitter:card\" content=\"summary_large_image\" \/>\n<meta name=\"twitter:label1\" content=\"Estimated reading time\" \/>\n\t<meta name=\"twitter:data1\" content=\"2 minutes\" \/>\n<script type=\"application\/ld+json\" class=\"yoast-schema-graph\">{\"@context\":\"https:\\\/\\\/schema.org\",\"@graph\":[{\"@type\":\"WebPage\",\"@id\":\"https:\\\/\\\/www.elena-cascarigny.com\\\/informations-legales\\\/\",\"url\":\"https:\\\/\\\/www.elena-cascarigny.com\\\/informations-legales\\\/\",\"name\":\"Informations l\u00e9gales - Elena Cascarigny\",\"isPartOf\":{\"@id\":\"https:\\\/\\\/www.elena-cascarigny.com\\\/#website\"},\"datePublished\":\"2026-03-28T13:18:26+00:00\",\"dateModified\":\"2026-04-19T14:42:12+00:00\",\"breadcrumb\":{\"@id\":\"https:\\\/\\\/www.elena-cascarigny.com\\\/informations-legales\\\/#breadcrumb\"},\"inLanguage\":\"en-GB\",\"potentialAction\":[{\"@type\":\"ReadAction\",\"target\":[\"https:\\\/\\\/www.elena-cascarigny.com\\\/informations-legales\\\/\"]}]},{\"@type\":\"BreadcrumbList\",\"@id\":\"https:\\\/\\\/www.elena-cascarigny.com\\\/informations-legales\\\/#breadcrumb\",\"itemListElement\":[{\"@type\":\"ListItem\",\"position\":1,\"name\":\"Home\",\"item\":\"https:\\\/\\\/www.elena-cascarigny.com\\\/\"},{\"@type\":\"ListItem\",\"position\":2,\"name\":\"Informations l\u00e9gales\"}]},{\"@type\":\"WebSite\",\"@id\":\"https:\\\/\\\/www.elena-cascarigny.com\\\/#website\",\"url\":\"https:\\\/\\\/www.elena-cascarigny.com\\\/\",\"name\":\"Psychologue Anglet Bayonne\",\"description\":\"Psychoth\u00e9rapie &amp; Yoga \u00e0 Bayonne\",\"publisher\":{\"@id\":\"https:\\\/\\\/www.elena-cascarigny.com\\\/#\\\/schema\\\/person\\\/c3dbb269a26ffe268de45e39c6a5fe9a\"},\"potentialAction\":[{\"@type\":\"SearchAction\",\"target\":{\"@type\":\"EntryPoint\",\"urlTemplate\":\"https:\\\/\\\/www.elena-cascarigny.com\\\/?s={search_term_string}\"},\"query-input\":{\"@type\":\"PropertyValueSpecification\",\"valueRequired\":true,\"valueName\":\"search_term_string\"}}],\"inLanguage\":\"en-GB\"},{\"@type\":[\"Person\",\"Organization\"],\"@id\":\"https:\\\/\\\/www.elena-cascarigny.com\\\/#\\\/schema\\\/person\\\/c3dbb269a26ffe268de45e39c6a5fe9a\",\"name\":\"elena-cascarigny\",\"image\":{\"@type\":\"ImageObject\",\"inLanguage\":\"en-GB\",\"@id\":\"http:\\\/\\\/elena-cascarigny.com\\\/wp-content\\\/uploads\\\/2019\\\/10\\\/cropped-logo_3-2.png\",\"url\":\"http:\\\/\\\/elena-cascarigny.com\\\/wp-content\\\/uploads\\\/2019\\\/10\\\/cropped-logo_3-2.png\",\"contentUrl\":\"http:\\\/\\\/elena-cascarigny.com\\\/wp-content\\\/uploads\\\/2019\\\/10\\\/cropped-logo_3-2.png\",\"width\":7467,\"height\":7425,\"caption\":\"elena-cascarigny\"},\"logo\":{\"@id\":\"http:\\\/\\\/elena-cascarigny.com\\\/wp-content\\\/uploads\\\/2019\\\/10\\\/cropped-logo_3-2.png\"},\"sameAs\":[\"https:\\\/\\\/www.linkedin.com\\\/in\\\/elena-cascarigny-60161b141\\\/\"]}]}<\/script>\n<!-- \/ Yoast SEO plugin. -->","yoast_head_json":{"title":"Informations l\u00e9gales - Elena Cascarigny","robots":{"index":"index","follow":"follow","max-snippet":"max-snippet:-1","max-image-preview":"max-image-preview:large","max-video-preview":"max-video-preview:-1"},"canonical":"https:\/\/www.elena-cascarigny.com\/en\/informations-legales\/","og_locale":"en_GB","og_type":"article","og_title":"Informations l\u00e9gales - Elena Cascarigny","og_description":"Mentions l\u00e9gales Responsable du contenu selon \u00a7 55 Abs. 2 RStVMentions l\u00e9gales selon \u00a7 5 TMG Op\u00e9rateur du site et responsable de la publication:&nbsp;Elena Cascarigny &#8211; EI Adresse professionnelle :14 rue Arnaud Detroyat64100 BayonneFrance E-mail : elena.cascarigny@outlook.fr Immatriculation :Registre national des entreprisesSIRET : 83262227800048 Num\u00e9ro de TVA intracommunautaire :FR 58832622278 Responsabilit\u00e9 &amp; droits d\u2019auteur Derni\u00e8re...","og_url":"https:\/\/www.elena-cascarigny.com\/en\/informations-legales\/","og_site_name":"Elena Cascarigny","article_modified_time":"2026-04-19T14:42:12+00:00","og_image":[{"width":266,"height":264,"url":"https:\/\/www.elena-cascarigny.com\/wp-content\/uploads\/2019\/10\/cropped-logo_3-3.png","type":"image\/png"}],"twitter_card":"summary_large_image","twitter_misc":{"Estimated reading time":"2 minutes"},"schema":{"@context":"https:\/\/schema.org","@graph":[{"@type":"WebPage","@id":"https:\/\/www.elena-cascarigny.com\/informations-legales\/","url":"https:\/\/www.elena-cascarigny.com\/informations-legales\/","name":"Informations l\u00e9gales - Elena Cascarigny","isPartOf":{"@id":"https:\/\/www.elena-cascarigny.com\/#website"},"datePublished":"2026-03-28T13:18:26+00:00","dateModified":"2026-04-19T14:42:12+00:00","breadcrumb":{"@id":"https:\/\/www.elena-cascarigny.com\/informations-legales\/#breadcrumb"},"inLanguage":"en-GB","potentialAction":[{"@type":"ReadAction","target":["https:\/\/www.elena-cascarigny.com\/informations-legales\/"]}]},{"@type":"BreadcrumbList","@id":"https:\/\/www.elena-cascarigny.com\/informations-legales\/#breadcrumb","itemListElement":[{"@type":"ListItem","position":1,"name":"Home","item":"https:\/\/www.elena-cascarigny.com\/"},{"@type":"ListItem","position":2,"name":"Informations l\u00e9gales"}]},{"@type":"WebSite","@id":"https:\/\/www.elena-cascarigny.com\/#website","url":"https:\/\/www.elena-cascarigny.com\/","name":"Psychologue Anglet Bayonne","description":"Psychoth\u00e9rapie &amp; Yoga \u00e0 Bayonne","publisher":{"@id":"https:\/\/www.elena-cascarigny.com\/#\/schema\/person\/c3dbb269a26ffe268de45e39c6a5fe9a"},"potentialAction":[{"@type":"SearchAction","target":{"@type":"EntryPoint","urlTemplate":"https:\/\/www.elena-cascarigny.com\/?s={search_term_string}"},"query-input":{"@type":"PropertyValueSpecification","valueRequired":true,"valueName":"search_term_string"}}],"inLanguage":"en-GB"},{"@type":["Person","Organization"],"@id":"https:\/\/www.elena-cascarigny.com\/#\/schema\/person\/c3dbb269a26ffe268de45e39c6a5fe9a","name":"elena-cascarigny","image":{"@type":"ImageObject","inLanguage":"en-GB","@id":"http:\/\/elena-cascarigny.com\/wp-content\/uploads\/2019\/10\/cropped-logo_3-2.png","url":"http:\/\/elena-cascarigny.com\/wp-content\/uploads\/2019\/10\/cropped-logo_3-2.png","contentUrl":"http:\/\/elena-cascarigny.com\/wp-content\/uploads\/2019\/10\/cropped-logo_3-2.png","width":7467,"height":7425,"caption":"elena-cascarigny"},"logo":{"@id":"http:\/\/elena-cascarigny.com\/wp-content\/uploads\/2019\/10\/cropped-logo_3-2.png"},"sameAs":["https:\/\/www.linkedin.com\/in\/elena-cascarigny-60161b141\/"]}]}},"_links":{"self":[{"href":"https:\/\/www.elena-cascarigny.com\/en\/wp-json\/wp\/v2\/pages\/16789","targetHints":{"allow":["GET"]}}],"collection":[{"href":"https:\/\/www.elena-cascarigny.com\/en\/wp-json\/wp\/v2\/pages"}],"about":[{"href":"https:\/\/www.elena-cascarigny.com\/en\/wp-json\/wp\/v2\/types\/page"}],"author":[{"embeddable":true,"href":"https:\/\/www.elena-cascarigny.com\/en\/wp-json\/wp\/v2\/users\/1"}],"replies":[{"embeddable":true,"href":"https:\/\/www.elena-cascarigny.com\/en\/wp-json\/wp\/v2\/comments?post=16789"}],"version-history":[{"count":2,"href":"https:\/\/www.elena-cascarigny.com\/en\/wp-json\/wp\/v2\/pages\/16789\/revisions"}],"predecessor-version":[{"id":16906,"href":"https:\/\/www.elena-cascarigny.com\/en\/wp-json\/wp\/v2\/pages\/16789\/revisions\/16906"}],"wp:attachment":[{"href":"https:\/\/www.elena-cascarigny.com\/en\/wp-json\/wp\/v2\/media?parent=16789"}],"curies":[{"name":"wp","href":"https:\/\/api.w.org\/{rel}","templated":true}]}}