{"id":16450,"date":"2023-07-14T12:01:40","date_gmt":"2023-07-14T10:01:40","guid":{"rendered":"https:\/\/www.elena-cascarigny.com\/?page_id=16450"},"modified":"2026-03-28T15:26:04","modified_gmt":"2026-03-28T14:26:04","slug":"ecopsychotherapie","status":"publish","type":"page","link":"https:\/\/www.elena-cascarigny.com\/en\/ecopsychotherapie\/","title":{"rendered":"L&rsquo;\u00e9copsychoth\u00e9rapie &#8211; des s\u00e9ances dans la Nature"},"content":{"rendered":"<div class=\"wp-block-image\">\n<figure class=\"aligncenter size-large is-resized\"><img fetchpriority=\"high\" decoding=\"async\" width=\"1024\" height=\"682\" src=\"https:\/\/www.elena-cascarigny.com\/wp-content\/uploads\/2023\/07\/tree-g8df6509b4_1280-1024x682.jpg\" alt=\"\" class=\"wp-image-16453\" style=\"width:686px;height:456px\" srcset=\"https:\/\/www.elena-cascarigny.com\/wp-content\/uploads\/2023\/07\/tree-g8df6509b4_1280-1024x682.jpg 1024w, https:\/\/www.elena-cascarigny.com\/wp-content\/uploads\/2023\/07\/tree-g8df6509b4_1280-300x200.jpg 300w, https:\/\/www.elena-cascarigny.com\/wp-content\/uploads\/2023\/07\/tree-g8df6509b4_1280-768x512.jpg 768w, https:\/\/www.elena-cascarigny.com\/wp-content\/uploads\/2023\/07\/tree-g8df6509b4_1280-18x12.jpg 18w, https:\/\/www.elena-cascarigny.com\/wp-content\/uploads\/2023\/07\/tree-g8df6509b4_1280-750x500.jpg 750w, https:\/\/www.elena-cascarigny.com\/wp-content\/uploads\/2023\/07\/tree-g8df6509b4_1280.jpg 1280w\" sizes=\"(max-width: 1024px) 100vw, 1024px\" \/><\/figure>\n<\/div>\n\n\n<div style=\"height:50px\" aria-hidden=\"true\" class=\"wp-block-spacer\"><\/div>\n\n\n\n<h2 class=\"wp-block-heading\">Qu\u2019est-ce que l\u2019\u00e9copsychoth\u00e9rapie ?<\/h2>\n\n\n\n<p><br>L\u2019<strong>\u00e9copsychoth\u00e9rapie<\/strong> utilise la nature comme m\u00e9diation th\u00e9rapeutique. De nombreuses m\u00e9diations sont utilis\u00e9s en th\u00e9rapie comme le dessin, le modelage, la danse, le th\u00e9\u00e2tre\u2026 afin de cr\u00e9er de nouvelles ressources, d\u00e9voiler et soutenir les processus psychiques. Cependant, la m\u00e9diation de l\u2019environnement naturel a une place particuli\u00e8re puisque la nature est \u00e0 la fois <strong>en dehors et \u00e0 l\u2019int\u00e9rieur de nous<\/strong>.<br><br>Nous utilisons en effet le mot \u00ab\u00a0nature\u00a0\u00bb \u00e0 d\u00e9faut d\u2019avoir un autre mot, mais gardons en t\u00eate que <strong>l\u2019humain EST la nature<\/strong>, et non pas s\u00e9par\u00e9 d\u2019elle.<br><br>Les s\u00e9ances ont lieu <strong>dans un espace naturel<\/strong> (for\u00eat, parc, jardin, plaine..). Le patient, accompagn\u00e9 par le professionnel form\u00e9 au soin psychique, navigue dans cet espace afin de cr\u00e9er d\u2019une part <strong>un lien humain s\u00e9curisant<\/strong> avec le th\u00e9rapeute, d\u2019autre part <strong>un lien avec l\u2019environnement vivant<\/strong> qui lui permet d\u2019exp\u00e9rimenter de nouvelles choses. A son rythme, le patient chemine en nature pour partir <strong>\u00e0 la rencontre de lui-m\u00eame et de ses besoins profonds<\/strong>.<br><br>La psychoth\u00e9rapie en nature permet d\u2019ouvrir un autre espace, autant ext\u00e9rieur qu\u2019int\u00e9rieur. L\u2019environnement, plus riche qu\u2019au cabinet, offre de nombreuses possibilit\u00e9s de <strong>se connecter au sens, au corps ainsi qu\u2019au Vivant \u00e0 l\u2019int\u00e9rieur et \u00e0 l\u2019ext\u00e9rieur de nous<\/strong>.<br><br>De la nature, nous pouvons apprendre ce qui nous habite, gr\u00e2ce \u00e0 la projection : nous en \u00e9coutons les \u00ab\u00a0signes\u00a0\u00bb et pouvons y donner sens de fa\u00e7on po\u00e9tique, en association libre. Aussi, en observant, tel un biologiste, <strong>le fonctionnement des \u00e9l\u00e9ments de la nature<\/strong> (les arbres interconnect\u00e9s par le myc\u00e9lium, les modes de vies et d\u2019habitats de certaines esp\u00e8ces, etc.), elle nous enseigne <strong>les grandes lois du vivant <\/strong>auxquels nous, humains, prenons part. Nous pouvons ainsi en <strong>tirer des le\u00e7ons<\/strong> pour notre vie personnelle.<br><br>L\u2019\u00e9copsychoth\u00e9rapie fait partie des \u00e9coth\u00e9rapies, ensemble de pratiques qui soulignent <strong>la fonction th\u00e9rapeutique du contact avec le monde naturel<\/strong> : jardin, animaux, marche en for\u00eat\u2026<br>De nombreuses \u00e9tudes d\u00e9montrent aujourd\u2019hui les bienfaits d\u2019un contact r\u00e9gulier en nature. Pour en savoir plus, c\u2019est par <a href=\"https:\/\/www.elena-cascarigny.com\/en\/2023\/07\/21\/les-bienfaits-du-contact-avec-la-nature\/\" target=\"_blank\" rel=\"noreferrer noopener\">here<\/a>.<br><\/p>\n\n\n\n<div style=\"height:37px\" aria-hidden=\"true\" class=\"wp-block-spacer\"><\/div>\n\n\n<div class=\"wp-block-image\">\n<figure class=\"aligncenter size-large\"><img decoding=\"async\" width=\"1024\" height=\"682\" src=\"https:\/\/www.elena-cascarigny.com\/wp-content\/uploads\/2023\/07\/mushrooms-gbaf3a7e4f_1280-1024x682.jpg\" alt=\"\" class=\"wp-image-16452\" srcset=\"https:\/\/www.elena-cascarigny.com\/wp-content\/uploads\/2023\/07\/mushrooms-gbaf3a7e4f_1280-1024x682.jpg 1024w, https:\/\/www.elena-cascarigny.com\/wp-content\/uploads\/2023\/07\/mushrooms-gbaf3a7e4f_1280-300x200.jpg 300w, https:\/\/www.elena-cascarigny.com\/wp-content\/uploads\/2023\/07\/mushrooms-gbaf3a7e4f_1280-768x512.jpg 768w, https:\/\/www.elena-cascarigny.com\/wp-content\/uploads\/2023\/07\/mushrooms-gbaf3a7e4f_1280-18x12.jpg 18w, https:\/\/www.elena-cascarigny.com\/wp-content\/uploads\/2023\/07\/mushrooms-gbaf3a7e4f_1280-750x500.jpg 750w, https:\/\/www.elena-cascarigny.com\/wp-content\/uploads\/2023\/07\/mushrooms-gbaf3a7e4f_1280.jpg 1280w\" sizes=\"(max-width: 1024px) 100vw, 1024px\" \/><\/figure>\n<\/div>\n\n\n<div style=\"height:57px\" aria-hidden=\"true\" class=\"wp-block-spacer\"><\/div>\n\n\n\n<h2 class=\"wp-block-heading\">Pour qui ?<\/h2>\n\n\n\n<ul class=\"wp-block-list\">\n<li>Pour les personnes anxieuses, stress\u00e9es, d\u00e9prim\u00e9es. Les vertus du contact r\u00e9gulier avec la nature a en effet \u00e9t\u00e9 d\u00e9montr\u00e9 pour la <strong>r\u00e9gulation du stress<\/strong>, l\u2019a<strong>nxi\u00e9t\u00e9<\/strong> et la <strong>d\u00e9pression<\/strong>.<\/li>\n\n\n\n<li>Pour les personnes qui ont <strong>du mal \u00e0 s\u2019autoriser le bon, le plaisant<\/strong>. La nature nous offre toutes une palette de stimuli, nous permettant d\u2019exp\u00e9rimenter ce qui est beau, agr\u00e9able.<\/li>\n\n\n\n<li>Pour les personnes dont le <strong>mental est envahissant<\/strong> avec des ruminations et des navigations incessantes entre pass\u00e9 et futur, qui ont des difficult\u00e9s \u00e0 rentrer <strong>en contact avec le corps<\/strong> et \u00e0 <em>se relier avec l\u2019instant pr\u00e9sent<\/em>. La stimulation sensorielle des espaces naturels permet de mieux sentir le corps et d\u2019habiter le moment pr\u00e9sent, loin des consid\u00e9rations du mental.<\/li>\n\n\n\n<li>Pour les personnes qui ont <strong>du mal \u00e0 s\u2019orienter<\/strong>. Les s\u00e9ances en itin\u00e9rance peuvent permettre de d\u00e9voiler les m\u00e9canismes inconscient qui guident nos choix (prendre toujours le m\u00eame chemin connu et rassurant, \u00eatre toujours en qu\u00eate de neuf\u2026)<\/li>\n\n\n\n<li>Pour les personnes souffrant d\u2019<strong>\u00e9co-anxi\u00e9t\u00e9<\/strong>. Le contact avec la nature permet de travailler ses angoisses de fa\u00e7on plus corporelle, de cr\u00e9er un lien avec ce Vivant en dehors et en nous et de trouver litt\u00e9ralement une nouvelle place dans ce monde vivant.<\/li>\n\n\n\n<li>Pour les personnes <strong>en qu\u00eate de lien et de sens<\/strong>, dans une dimension plus vaste : se relier \u00e0 la Nature permet de retrouver cette connexion avec certaines parts de nous-m\u00eames mais aussi avec tout les \u00eatres vivants, humains ou non humains. Les s\u00e9ances d\u2019\u00e9copsychoth\u00e9rapie peuvent ainsi aider \u00e0 la cr\u00e9ation d\u2019un sentiment global d\u2019appartenance, d\u2019interd\u00e9pendance et d\u2019unit\u00e9.<\/li>\n<\/ul>\n\n\n\n<div style=\"height:35px\" aria-hidden=\"true\" class=\"wp-block-spacer\"><\/div>\n\n\n\n<h2 class=\"wp-block-heading\">Comment ?<\/h2>\n\n\n\n<p><br>La s\u00e9ance individuelle d&rsquo;\u00e9copsychoth\u00e9rapie se d\u00e9roule donc en for\u00eat. Nous nous retrouvons \u00e0 un endroit convenu au pr\u00e9alable.<\/p>\n\n\n\n<p><br>Le tarif, la dur\u00e9e et le cadre des s\u00e9ances est le m\u00eame qu\u2019au cabinet : confidentialit\u00e9, non-jugement, respect de la distance professionnelle, non passage \u00e0 l\u2019acte violent ou sexuel.<\/p>\n\n\n\n<p><br>Apr\u00e8s un moment de centrage, je vous invite \u00e0 dessiner votre chemin dans la for\u00eat afin d\u2019aller explorer ce qui vous appelle. Par moments, je vous proposerai des exp\u00e9riences afin d\u2019approfondir certains sujets ou d\u2019exp\u00e9rimenter corporellement un v\u00e9cu, un ressenti, etc.<\/p>\n\n\n\n<p><\/p>\n\n\n\n<p><br>Vous avez des questions ? <a href=\"mailto:elena.cascarigny@outlook.fr\" target=\"_blank\" rel=\"noreferrer noopener\">Contactez-moi <\/a>pour en savoir plus.<br>Pour plus de ressources sur l&rsquo;\u00e9copsychoth\u00e9rapie, voici le site d\u00e9di\u00e9 : <a href=\"http:\/\/www.ecopsychotherapie.fr\/\">http:\/\/www.ecopsychotherapie.fr\/<\/a><br>Pour d\u00e9couvrir les \u00e9coth\u00e9rapies : <a href=\"http:\/\/www.f-f-jardins-nature-sante.org\/ecotherapies\">www.f-f-jardins-nature-sante.org\/ecotherapies<\/a><\/p>\n\n\n\n<div style=\"height:27px\" aria-hidden=\"true\" class=\"wp-block-spacer\"><\/div>\n\n\n<div class=\"wp-block-image\">\n<figure class=\"aligncenter size-large\"><img decoding=\"async\" width=\"768\" height=\"1024\" src=\"https:\/\/www.elena-cascarigny.com\/wp-content\/uploads\/2023\/07\/forest-g3e51c1d4f_1280-1-768x1024.jpg\" alt=\"\" class=\"wp-image-16454\" srcset=\"https:\/\/www.elena-cascarigny.com\/wp-content\/uploads\/2023\/07\/forest-g3e51c1d4f_1280-1-768x1024.jpg 768w, https:\/\/www.elena-cascarigny.com\/wp-content\/uploads\/2023\/07\/forest-g3e51c1d4f_1280-1-225x300.jpg 225w, https:\/\/www.elena-cascarigny.com\/wp-content\/uploads\/2023\/07\/forest-g3e51c1d4f_1280-1-9x12.jpg 9w, https:\/\/www.elena-cascarigny.com\/wp-content\/uploads\/2023\/07\/forest-g3e51c1d4f_1280-1-750x1000.jpg 750w, https:\/\/www.elena-cascarigny.com\/wp-content\/uploads\/2023\/07\/forest-g3e51c1d4f_1280-1.jpg 960w\" sizes=\"(max-width: 768px) 100vw, 768px\" \/><\/figure>\n<\/div>","protected":false},"excerpt":{"rendered":"<p>Qu\u2019est-ce que l\u2019\u00e9copsychoth\u00e9rapie ? L\u2019\u00e9copsychoth\u00e9rapie utilise la nature comme m\u00e9diation th\u00e9rapeutique. De nombreuses m\u00e9diations sont utilis\u00e9s en th\u00e9rapie comme le dessin, le modelage, la danse, le th\u00e9\u00e2tre\u2026 afin de cr\u00e9er de nouvelles ressources, d\u00e9voiler et soutenir les processus psychiques. Cependant, la m\u00e9diation de l\u2019environnement naturel a une place particuli\u00e8re puisque la nature est \u00e0 la&#8230;<\/p>","protected":false},"author":1,"featured_media":16453,"parent":0,"menu_order":0,"comment_status":"closed","ping_status":"closed","template":"","meta":{"_kad_post_transparent":"","_kad_post_title":"","_kad_post_layout":"","_kad_post_sidebar_id":"","_kad_post_content_style":"","_kad_post_vertical_padding":"","_kad_post_feature":"","_kad_post_feature_position":"","_kad_post_header":false,"_kad_post_footer":false,"_kad_post_classname":"","footnotes":""},"class_list":["post-16450","page","type-page","status-publish","has-post-thumbnail","hentry"],"yoast_head":"<!-- This site is optimized with the Yoast SEO plugin v27.5 - https:\/\/yoast.com\/product\/yoast-seo-wordpress\/ -->\n<title>L&#039;\u00e9copsychoth\u00e9rapie - des s\u00e9ances dans la Nature - Elena Cascarigny<\/title>\n<meta name=\"description\" content=\"Int\u00e9ress\u00e9.e par des s\u00e9ances itin\u00e9rantes en nature ? Venez d\u00e9couvrir l&#039;\u00e9copsychoth\u00e9rapie, qui utilise la nature comme m\u00e9diation th\u00e9rapeutique\" \/>\n<meta name=\"robots\" content=\"index, follow, max-snippet:-1, max-image-preview:large, max-video-preview:-1\" \/>\n<link rel=\"canonical\" href=\"https:\/\/www.elena-cascarigny.com\/en\/ecopsychotherapie\/\" \/>\n<meta property=\"og:locale\" content=\"en_GB\" \/>\n<meta property=\"og:type\" content=\"article\" \/>\n<meta property=\"og:title\" content=\"L&#039;\u00e9copsychoth\u00e9rapie - des s\u00e9ances dans la Nature - Elena Cascarigny\" \/>\n<meta property=\"og:description\" content=\"Int\u00e9ress\u00e9.e par des s\u00e9ances itin\u00e9rantes en nature ? Venez d\u00e9couvrir l&#039;\u00e9copsychoth\u00e9rapie, qui utilise la nature comme m\u00e9diation th\u00e9rapeutique\" \/>\n<meta property=\"og:url\" content=\"https:\/\/www.elena-cascarigny.com\/en\/ecopsychotherapie\/\" \/>\n<meta property=\"og:site_name\" content=\"Elena Cascarigny\" \/>\n<meta property=\"article:modified_time\" content=\"2026-03-28T14:26:04+00:00\" \/>\n<meta property=\"og:image\" content=\"https:\/\/www.elena-cascarigny.com\/wp-content\/uploads\/2023\/07\/tree-g8df6509b4_1280.jpg\" \/>\n\t<meta property=\"og:image:width\" content=\"1280\" \/>\n\t<meta property=\"og:image:height\" content=\"853\" \/>\n\t<meta property=\"og:image:type\" content=\"image\/jpeg\" \/>\n<meta name=\"twitter:card\" content=\"summary_large_image\" \/>\n<meta name=\"twitter:label1\" content=\"Estimated reading time\" \/>\n\t<meta name=\"twitter:data1\" content=\"5 minutes\" \/>\n<script type=\"application\/ld+json\" class=\"yoast-schema-graph\">{\"@context\":\"https:\\\/\\\/schema.org\",\"@graph\":[{\"@type\":\"WebPage\",\"@id\":\"https:\\\/\\\/www.elena-cascarigny.com\\\/ecopsychotherapie\\\/\",\"url\":\"https:\\\/\\\/www.elena-cascarigny.com\\\/ecopsychotherapie\\\/\",\"name\":\"L'\u00e9copsychoth\u00e9rapie - des s\u00e9ances dans la Nature - Elena Cascarigny\",\"isPartOf\":{\"@id\":\"https:\\\/\\\/www.elena-cascarigny.com\\\/#website\"},\"primaryImageOfPage\":{\"@id\":\"https:\\\/\\\/www.elena-cascarigny.com\\\/ecopsychotherapie\\\/#primaryimage\"},\"image\":{\"@id\":\"https:\\\/\\\/www.elena-cascarigny.com\\\/ecopsychotherapie\\\/#primaryimage\"},\"thumbnailUrl\":\"https:\\\/\\\/www.elena-cascarigny.com\\\/wp-content\\\/uploads\\\/2023\\\/07\\\/tree-g8df6509b4_1280.jpg\",\"datePublished\":\"2023-07-14T10:01:40+00:00\",\"dateModified\":\"2026-03-28T14:26:04+00:00\",\"description\":\"Int\u00e9ress\u00e9.e par des s\u00e9ances itin\u00e9rantes en nature ? Venez d\u00e9couvrir l'\u00e9copsychoth\u00e9rapie, qui utilise la nature comme m\u00e9diation th\u00e9rapeutique\",\"breadcrumb\":{\"@id\":\"https:\\\/\\\/www.elena-cascarigny.com\\\/ecopsychotherapie\\\/#breadcrumb\"},\"inLanguage\":\"en-GB\",\"potentialAction\":[{\"@type\":\"ReadAction\",\"target\":[\"https:\\\/\\\/www.elena-cascarigny.com\\\/ecopsychotherapie\\\/\"]}]},{\"@type\":\"ImageObject\",\"inLanguage\":\"en-GB\",\"@id\":\"https:\\\/\\\/www.elena-cascarigny.com\\\/ecopsychotherapie\\\/#primaryimage\",\"url\":\"https:\\\/\\\/www.elena-cascarigny.com\\\/wp-content\\\/uploads\\\/2023\\\/07\\\/tree-g8df6509b4_1280.jpg\",\"contentUrl\":\"https:\\\/\\\/www.elena-cascarigny.com\\\/wp-content\\\/uploads\\\/2023\\\/07\\\/tree-g8df6509b4_1280.jpg\",\"width\":1280,\"height\":853},{\"@type\":\"BreadcrumbList\",\"@id\":\"https:\\\/\\\/www.elena-cascarigny.com\\\/ecopsychotherapie\\\/#breadcrumb\",\"itemListElement\":[{\"@type\":\"ListItem\",\"position\":1,\"name\":\"Home\",\"item\":\"https:\\\/\\\/www.elena-cascarigny.com\\\/\"},{\"@type\":\"ListItem\",\"position\":2,\"name\":\"L&rsquo;\u00e9copsychoth\u00e9rapie &#8211; des s\u00e9ances dans la Nature\"}]},{\"@type\":\"WebSite\",\"@id\":\"https:\\\/\\\/www.elena-cascarigny.com\\\/#website\",\"url\":\"https:\\\/\\\/www.elena-cascarigny.com\\\/\",\"name\":\"Psychologue Anglet Bayonne\",\"description\":\"Psychoth\u00e9rapie &amp; Yoga \u00e0 Bayonne\",\"publisher\":{\"@id\":\"https:\\\/\\\/www.elena-cascarigny.com\\\/#\\\/schema\\\/person\\\/c3dbb269a26ffe268de45e39c6a5fe9a\"},\"potentialAction\":[{\"@type\":\"SearchAction\",\"target\":{\"@type\":\"EntryPoint\",\"urlTemplate\":\"https:\\\/\\\/www.elena-cascarigny.com\\\/?s={search_term_string}\"},\"query-input\":{\"@type\":\"PropertyValueSpecification\",\"valueRequired\":true,\"valueName\":\"search_term_string\"}}],\"inLanguage\":\"en-GB\"},{\"@type\":[\"Person\",\"Organization\"],\"@id\":\"https:\\\/\\\/www.elena-cascarigny.com\\\/#\\\/schema\\\/person\\\/c3dbb269a26ffe268de45e39c6a5fe9a\",\"name\":\"elena-cascarigny\",\"image\":{\"@type\":\"ImageObject\",\"inLanguage\":\"en-GB\",\"@id\":\"http:\\\/\\\/elena-cascarigny.com\\\/wp-content\\\/uploads\\\/2019\\\/10\\\/cropped-logo_3-2.png\",\"url\":\"http:\\\/\\\/elena-cascarigny.com\\\/wp-content\\\/uploads\\\/2019\\\/10\\\/cropped-logo_3-2.png\",\"contentUrl\":\"http:\\\/\\\/elena-cascarigny.com\\\/wp-content\\\/uploads\\\/2019\\\/10\\\/cropped-logo_3-2.png\",\"width\":7467,\"height\":7425,\"caption\":\"elena-cascarigny\"},\"logo\":{\"@id\":\"http:\\\/\\\/elena-cascarigny.com\\\/wp-content\\\/uploads\\\/2019\\\/10\\\/cropped-logo_3-2.png\"},\"sameAs\":[\"https:\\\/\\\/www.linkedin.com\\\/in\\\/elena-cascarigny-60161b141\\\/\"]}]}<\/script>\n<!-- \/ Yoast SEO plugin. -->","yoast_head_json":{"title":"L'\u00e9copsychoth\u00e9rapie - des s\u00e9ances dans la Nature - Elena Cascarigny","description":"Int\u00e9ress\u00e9.e par des s\u00e9ances itin\u00e9rantes en nature ? Venez d\u00e9couvrir l'\u00e9copsychoth\u00e9rapie, qui utilise la nature comme m\u00e9diation th\u00e9rapeutique","robots":{"index":"index","follow":"follow","max-snippet":"max-snippet:-1","max-image-preview":"max-image-preview:large","max-video-preview":"max-video-preview:-1"},"canonical":"https:\/\/www.elena-cascarigny.com\/en\/ecopsychotherapie\/","og_locale":"en_GB","og_type":"article","og_title":"L'\u00e9copsychoth\u00e9rapie - des s\u00e9ances dans la Nature - Elena Cascarigny","og_description":"Int\u00e9ress\u00e9.e par des s\u00e9ances itin\u00e9rantes en nature ? Venez d\u00e9couvrir l'\u00e9copsychoth\u00e9rapie, qui utilise la nature comme m\u00e9diation th\u00e9rapeutique","og_url":"https:\/\/www.elena-cascarigny.com\/en\/ecopsychotherapie\/","og_site_name":"Elena Cascarigny","article_modified_time":"2026-03-28T14:26:04+00:00","og_image":[{"width":1280,"height":853,"url":"https:\/\/www.elena-cascarigny.com\/wp-content\/uploads\/2023\/07\/tree-g8df6509b4_1280.jpg","type":"image\/jpeg"}],"twitter_card":"summary_large_image","twitter_misc":{"Estimated reading time":"5 minutes"},"schema":{"@context":"https:\/\/schema.org","@graph":[{"@type":"WebPage","@id":"https:\/\/www.elena-cascarigny.com\/ecopsychotherapie\/","url":"https:\/\/www.elena-cascarigny.com\/ecopsychotherapie\/","name":"L'\u00e9copsychoth\u00e9rapie - des s\u00e9ances dans la Nature - Elena Cascarigny","isPartOf":{"@id":"https:\/\/www.elena-cascarigny.com\/#website"},"primaryImageOfPage":{"@id":"https:\/\/www.elena-cascarigny.com\/ecopsychotherapie\/#primaryimage"},"image":{"@id":"https:\/\/www.elena-cascarigny.com\/ecopsychotherapie\/#primaryimage"},"thumbnailUrl":"https:\/\/www.elena-cascarigny.com\/wp-content\/uploads\/2023\/07\/tree-g8df6509b4_1280.jpg","datePublished":"2023-07-14T10:01:40+00:00","dateModified":"2026-03-28T14:26:04+00:00","description":"Int\u00e9ress\u00e9.e par des s\u00e9ances itin\u00e9rantes en nature ? Venez d\u00e9couvrir l'\u00e9copsychoth\u00e9rapie, qui utilise la nature comme m\u00e9diation th\u00e9rapeutique","breadcrumb":{"@id":"https:\/\/www.elena-cascarigny.com\/ecopsychotherapie\/#breadcrumb"},"inLanguage":"en-GB","potentialAction":[{"@type":"ReadAction","target":["https:\/\/www.elena-cascarigny.com\/ecopsychotherapie\/"]}]},{"@type":"ImageObject","inLanguage":"en-GB","@id":"https:\/\/www.elena-cascarigny.com\/ecopsychotherapie\/#primaryimage","url":"https:\/\/www.elena-cascarigny.com\/wp-content\/uploads\/2023\/07\/tree-g8df6509b4_1280.jpg","contentUrl":"https:\/\/www.elena-cascarigny.com\/wp-content\/uploads\/2023\/07\/tree-g8df6509b4_1280.jpg","width":1280,"height":853},{"@type":"BreadcrumbList","@id":"https:\/\/www.elena-cascarigny.com\/ecopsychotherapie\/#breadcrumb","itemListElement":[{"@type":"ListItem","position":1,"name":"Home","item":"https:\/\/www.elena-cascarigny.com\/"},{"@type":"ListItem","position":2,"name":"L&rsquo;\u00e9copsychoth\u00e9rapie &#8211; des s\u00e9ances dans la Nature"}]},{"@type":"WebSite","@id":"https:\/\/www.elena-cascarigny.com\/#website","url":"https:\/\/www.elena-cascarigny.com\/","name":"Psychologue Anglet Bayonne","description":"Psychoth\u00e9rapie &amp; Yoga \u00e0 Bayonne","publisher":{"@id":"https:\/\/www.elena-cascarigny.com\/#\/schema\/person\/c3dbb269a26ffe268de45e39c6a5fe9a"},"potentialAction":[{"@type":"SearchAction","target":{"@type":"EntryPoint","urlTemplate":"https:\/\/www.elena-cascarigny.com\/?s={search_term_string}"},"query-input":{"@type":"PropertyValueSpecification","valueRequired":true,"valueName":"search_term_string"}}],"inLanguage":"en-GB"},{"@type":["Person","Organization"],"@id":"https:\/\/www.elena-cascarigny.com\/#\/schema\/person\/c3dbb269a26ffe268de45e39c6a5fe9a","name":"elena-cascarigny","image":{"@type":"ImageObject","inLanguage":"en-GB","@id":"http:\/\/elena-cascarigny.com\/wp-content\/uploads\/2019\/10\/cropped-logo_3-2.png","url":"http:\/\/elena-cascarigny.com\/wp-content\/uploads\/2019\/10\/cropped-logo_3-2.png","contentUrl":"http:\/\/elena-cascarigny.com\/wp-content\/uploads\/2019\/10\/cropped-logo_3-2.png","width":7467,"height":7425,"caption":"elena-cascarigny"},"logo":{"@id":"http:\/\/elena-cascarigny.com\/wp-content\/uploads\/2019\/10\/cropped-logo_3-2.png"},"sameAs":["https:\/\/www.linkedin.com\/in\/elena-cascarigny-60161b141\/"]}]}},"_links":{"self":[{"href":"https:\/\/www.elena-cascarigny.com\/en\/wp-json\/wp\/v2\/pages\/16450","targetHints":{"allow":["GET"]}}],"collection":[{"href":"https:\/\/www.elena-cascarigny.com\/en\/wp-json\/wp\/v2\/pages"}],"about":[{"href":"https:\/\/www.elena-cascarigny.com\/en\/wp-json\/wp\/v2\/types\/page"}],"author":[{"embeddable":true,"href":"https:\/\/www.elena-cascarigny.com\/en\/wp-json\/wp\/v2\/users\/1"}],"replies":[{"embeddable":true,"href":"https:\/\/www.elena-cascarigny.com\/en\/wp-json\/wp\/v2\/comments?post=16450"}],"version-history":[{"count":8,"href":"https:\/\/www.elena-cascarigny.com\/en\/wp-json\/wp\/v2\/pages\/16450\/revisions"}],"predecessor-version":[{"id":16694,"href":"https:\/\/www.elena-cascarigny.com\/en\/wp-json\/wp\/v2\/pages\/16450\/revisions\/16694"}],"wp:featuredmedia":[{"embeddable":true,"href":"https:\/\/www.elena-cascarigny.com\/en\/wp-json\/wp\/v2\/media\/16453"}],"wp:attachment":[{"href":"https:\/\/www.elena-cascarigny.com\/en\/wp-json\/wp\/v2\/media?parent=16450"}],"curies":[{"name":"wp","href":"https:\/\/api.w.org\/{rel}","templated":true}]}}