{"id":16289,"date":"2023-02-16T15:32:24","date_gmt":"2023-02-16T14:32:24","guid":{"rendered":"https:\/\/www.elena-cascarigny.com\/?page_id=16289"},"modified":"2026-03-28T10:54:01","modified_gmt":"2026-03-28T09:54:01","slug":"yoga-de-la-femme-2","status":"publish","type":"page","link":"https:\/\/www.elena-cascarigny.com\/en\/yoga-de-la-femme-2\/","title":{"rendered":"Le Yoga de la Femme\u00ae"},"content":{"rendered":"<div style=\"height:43px\" aria-hidden=\"true\" class=\"wp-block-spacer\"><\/div>\n\n\n\n<p>Venez d\u00e9couvrir les cours particuliers de <strong>Yoga de la Femme\u00ae \u00e0 Bayonne<\/strong>. Contactez-moi afin de planifier votre cours particulier de Yoga de la Femme\u00ae. Il est possible que vous soyez un petit groupe. Un entretien pr\u00e9alable afin de d\u00e9finir vos besoins aura lieu par t\u00e9l\u00e9phone.<\/p>\n\n\n<div class=\"wp-block-image\">\n<figure class=\"alignright size-large is-resized\"><img fetchpriority=\"high\" decoding=\"async\" width=\"701\" height=\"1024\" src=\"https:\/\/www.elena-cascarigny.com\/wp-content\/uploads\/2023\/02\/Sans-titre-701x1024.png\" alt=\"\" class=\"wp-image-16308\" style=\"width:353px;height:515px\" srcset=\"https:\/\/www.elena-cascarigny.com\/wp-content\/uploads\/2023\/02\/Sans-titre-701x1024.png 701w, https:\/\/www.elena-cascarigny.com\/wp-content\/uploads\/2023\/02\/Sans-titre-206x300.png 206w, https:\/\/www.elena-cascarigny.com\/wp-content\/uploads\/2023\/02\/Sans-titre-768x1121.png 768w, https:\/\/www.elena-cascarigny.com\/wp-content\/uploads\/2023\/02\/Sans-titre-8x12.png 8w, https:\/\/www.elena-cascarigny.com\/wp-content\/uploads\/2023\/02\/Sans-titre-750x1095.png 750w, https:\/\/www.elena-cascarigny.com\/wp-content\/uploads\/2023\/02\/Sans-titre.png 820w\" sizes=\"(max-width: 701px) 100vw, 701px\" \/><\/figure>\n<\/div>\n\n\n<h4 class=\"wp-block-heading\">Pourquoi ?<\/h4>\n\n\n\n<p>Dans une soci\u00e9t\u00e9 o\u00f9 les valeurs masculines telles que l&rsquo;efficacit\u00e9, la performance, la comp\u00e9titivit\u00e9 ont \u00e9cras\u00e9 les valeurs f\u00e9minines telles que la douceur, la r\u00e9ceptivit\u00e9, le laisser-faire, il est primordial pour les femmes de venir <strong>se reconnecter \u00e0 leur \u00eatre int\u00e9rieur et ses qualit\u00e9s<\/strong>. <\/p>\n\n\n\n<p>Le Yoga de la Femme\u00ae, cr\u00e9e par <a href=\"https:\/\/yogadelafemme.org\/\">Tatiana Elle<\/a>, fruit de diverses approches telles que le <strong>Yoga des hormones<\/strong>, le <strong>Yin Yoga<\/strong> et le <strong>Yoga du visage<\/strong>, nous aide \u00e0 <strong>retourner vers notre f\u00e9minit\u00e9<\/strong>, \u00e0 explorer la <strong>douceur<\/strong> et la <strong>tendresse<\/strong>.<\/p>\n\n\n\n<p>Vrais moments de rencontre avec soi-m\u00eame, les cours de Yoga de la Femme\u00ae permettent \u00e9galement de <strong>r\u00e9duire le stress<\/strong> face \u00e0 une vie \u00e0 100 \u00e0 l&rsquo;heure, d&rsquo;<strong>\u00e9quilibrer le syst\u00e8me hormonal<\/strong>, de booster notre charme.<\/p>\n\n\n\n<p>Pratiqu\u00e9 r\u00e9guli\u00e8rement, ce Yoga, <strong>simple et accessible \u00e0 tout \u00e2ge<\/strong>, peut donc aider les femmes atteintes de maladies de la thyro\u00efde ou de la sph\u00e8re gyn\u00e9cologiques (douleurs de r\u00e8gles, endom\u00e9triose, SOPK&#8230;).<\/p>\n\n\n\n<div style=\"height:37px\" aria-hidden=\"true\" class=\"wp-block-spacer\"><\/div>\n\n\n\n<h4 class=\"wp-block-heading\">Pour qui ?<\/h4>\n\n\n\n<p>Le Yoga de la Femme\u00ae s&rsquo;adresse \u00e0 :<br>&#8211; toutes les femmes d\u00e8s l&rsquo;adolescence<br>&#8211; aux femmes avec un taux d&rsquo;hormone trop bas (crampes menstruelles, saute d&rsquo;humeur, d\u00e9prime&#8230;)<br>&#8211; aux femmes en p\u00e9riode de m\u00e9nopause<br>&#8211; aux femmes avec des probl\u00e8mes d&rsquo;infertilit\u00e9<br>&#8211; aux femmes hyperactives, qui ont du mal \u00e0 ralentir<br>&#8211; aux femmes en recherche d&rsquo;un \u00e9quilibre \u00e9motionnel<br>&#8211; aux femmes qui souhaitent s&rsquo;\u00e9panouir dans leur f\u00e9minit\u00e9 et sexualit\u00e9<br><\/p>\n\n\n\n<div style=\"height:60px\" aria-hidden=\"true\" class=\"wp-block-spacer\"><\/div>\n\n\n\n<div class=\"wp-block-columns is-layout-flex wp-container-core-columns-is-layout-9d6595d7 wp-block-columns-is-layout-flex\">\n<div class=\"wp-block-column is-layout-flow wp-block-column-is-layout-flow\">\n<div class=\"wp-block-columns is-layout-flex wp-container-core-columns-is-layout-9d6595d7 wp-block-columns-is-layout-flex\">\n<div class=\"wp-block-column is-layout-flow wp-block-column-is-layout-flow\">\n<h4 class=\"wp-block-heading has-text-align-center\">O\u00f9 ?<\/h4>\n\n\n\n<p class=\"has-text-align-center\">A domicile<br>ou location d&rsquo;une salle <br>(frais suppl\u00e9mentaires, <br>11 \u00e0 15\u20ac de l&rsquo;heure)<\/p>\n<\/div>\n\n\n\n<div class=\"wp-block-column is-layout-flow wp-block-column-is-layout-flow\">\n<h4 class=\"wp-block-heading has-text-align-center\">Combien ?<\/h4>\n\n\n\n<p class=\"has-text-align-center\">60\u20ac pour 1h<br>90\u20ac pour 1h30<br><\/p>\n<\/div>\n<\/div>\n<\/div>\n<\/div>\n\n\n<div class=\"wp-block-image\">\n<figure class=\"alignleft size-full is-resized\"><img decoding=\"async\" width=\"472\" height=\"394\" src=\"https:\/\/www.elena-cascarigny.com\/wp-content\/uploads\/2025\/06\/logo-YF\u00ae-sans-fond.png\" alt=\"\" class=\"wp-image-16666\" style=\"width:187px;height:auto\" srcset=\"https:\/\/www.elena-cascarigny.com\/wp-content\/uploads\/2025\/06\/logo-YF\u00ae-sans-fond.png 472w, https:\/\/www.elena-cascarigny.com\/wp-content\/uploads\/2025\/06\/logo-YF\u00ae-sans-fond-300x250.png 300w, https:\/\/www.elena-cascarigny.com\/wp-content\/uploads\/2025\/06\/logo-YF\u00ae-sans-fond-14x12.png 14w\" sizes=\"(max-width: 472px) 100vw, 472px\" \/><\/figure>\n<\/div>\n\n\n<p class=\"has-text-align-center\"><br>Pour en lire plus sur <br>les bienfaits de la pratique du Yoga, c&rsquo;est <a href=\"https:\/\/www.elena-cascarigny.com\/en\/2022\/07\/04\/benefices-yoga\/\" target=\"_blank\" rel=\"noreferrer noopener\">par l\u00e0<\/a>.<br>Pour d\u00e9couvrir les autres ateliers autour du Yoga, c&rsquo;est par <a href=\"https:\/\/www.elena-cascarigny.com\/en\/ateliers-psychocorporels\/\" target=\"_blank\" rel=\"noreferrer noopener\">here<\/a>.<\/p>\n\n\n\n<div style=\"height:100px\" aria-hidden=\"true\" class=\"wp-block-spacer\"><\/div>","protected":false},"excerpt":{"rendered":"<p>Venez d\u00e9couvrir les cours particuliers de Yoga de la Femme\u00ae \u00e0 Bayonne. Contactez-moi afin de planifier votre cours particulier de Yoga de la Femme\u00ae. Il est possible que vous soyez un petit groupe. Un entretien pr\u00e9alable afin de d\u00e9finir vos besoins aura lieu par t\u00e9l\u00e9phone. Pourquoi ? Dans une soci\u00e9t\u00e9 o\u00f9 les valeurs masculines telles&#8230;<\/p>","protected":false},"author":1,"featured_media":0,"parent":0,"menu_order":0,"comment_status":"closed","ping_status":"closed","template":"","meta":{"_kad_post_transparent":"","_kad_post_title":"","_kad_post_layout":"","_kad_post_sidebar_id":"","_kad_post_content_style":"","_kad_post_vertical_padding":"","_kad_post_feature":"","_kad_post_feature_position":"","_kad_post_header":false,"_kad_post_footer":false,"_kad_post_classname":"","footnotes":""},"class_list":["post-16289","page","type-page","status-publish","hentry"],"yoast_head":"<!-- This site is optimized with the Yoast SEO plugin v27.5 - https:\/\/yoast.com\/product\/yoast-seo-wordpress\/ -->\n<title>Le Yoga de la Femme\u00ae - Elena Cascarigny<\/title>\n<meta name=\"description\" content=\"Cours de Yoga de la Femme \u00e0 Bayonne, un lundi sur deux de 11h15 \u00e0 12h15 - pour les femmes en qu\u00eate de leur f\u00e9minit\u00e9, de douceur...\" \/>\n<meta name=\"robots\" content=\"index, follow, max-snippet:-1, max-image-preview:large, max-video-preview:-1\" \/>\n<link rel=\"canonical\" href=\"https:\/\/www.elena-cascarigny.com\/en\/yoga-de-la-femme-2\/\" \/>\n<meta property=\"og:locale\" content=\"en_GB\" \/>\n<meta property=\"og:type\" content=\"article\" \/>\n<meta property=\"og:title\" content=\"Le Yoga de la Femme\u00ae - Elena Cascarigny\" \/>\n<meta property=\"og:description\" content=\"Cours de Yoga de la Femme \u00e0 Bayonne, un lundi sur deux de 11h15 \u00e0 12h15 - pour les femmes en qu\u00eate de leur f\u00e9minit\u00e9, de douceur...\" \/>\n<meta property=\"og:url\" content=\"https:\/\/www.elena-cascarigny.com\/en\/yoga-de-la-femme-2\/\" \/>\n<meta property=\"og:site_name\" content=\"Elena Cascarigny\" \/>\n<meta property=\"article:modified_time\" content=\"2026-03-28T09:54:01+00:00\" \/>\n<meta property=\"og:image\" content=\"https:\/\/www.elena-cascarigny.com\/wp-content\/uploads\/2023\/02\/Sans-titre.png\" \/>\n\t<meta property=\"og:image:width\" content=\"820\" \/>\n\t<meta property=\"og:image:height\" content=\"1197\" \/>\n\t<meta property=\"og:image:type\" content=\"image\/png\" \/>\n<meta name=\"twitter:card\" content=\"summary_large_image\" \/>\n<meta name=\"twitter:label1\" content=\"Estimated reading time\" \/>\n\t<meta name=\"twitter:data1\" content=\"2 minutes\" \/>\n<script type=\"application\/ld+json\" class=\"yoast-schema-graph\">{\"@context\":\"https:\\\/\\\/schema.org\",\"@graph\":[{\"@type\":\"WebPage\",\"@id\":\"https:\\\/\\\/www.elena-cascarigny.com\\\/yoga-de-la-femme-2\\\/\",\"url\":\"https:\\\/\\\/www.elena-cascarigny.com\\\/yoga-de-la-femme-2\\\/\",\"name\":\"Le Yoga de la Femme\u00ae - Elena Cascarigny\",\"isPartOf\":{\"@id\":\"https:\\\/\\\/www.elena-cascarigny.com\\\/#website\"},\"primaryImageOfPage\":{\"@id\":\"https:\\\/\\\/www.elena-cascarigny.com\\\/yoga-de-la-femme-2\\\/#primaryimage\"},\"image\":{\"@id\":\"https:\\\/\\\/www.elena-cascarigny.com\\\/yoga-de-la-femme-2\\\/#primaryimage\"},\"thumbnailUrl\":\"https:\\\/\\\/www.elena-cascarigny.com\\\/wp-content\\\/uploads\\\/2023\\\/02\\\/Sans-titre-701x1024.png\",\"datePublished\":\"2023-02-16T14:32:24+00:00\",\"dateModified\":\"2026-03-28T09:54:01+00:00\",\"description\":\"Cours de Yoga de la Femme \u00e0 Bayonne, un lundi sur deux de 11h15 \u00e0 12h15 - pour les femmes en qu\u00eate de leur f\u00e9minit\u00e9, de douceur...\",\"breadcrumb\":{\"@id\":\"https:\\\/\\\/www.elena-cascarigny.com\\\/yoga-de-la-femme-2\\\/#breadcrumb\"},\"inLanguage\":\"en-GB\",\"potentialAction\":[{\"@type\":\"ReadAction\",\"target\":[\"https:\\\/\\\/www.elena-cascarigny.com\\\/yoga-de-la-femme-2\\\/\"]}]},{\"@type\":\"ImageObject\",\"inLanguage\":\"en-GB\",\"@id\":\"https:\\\/\\\/www.elena-cascarigny.com\\\/yoga-de-la-femme-2\\\/#primaryimage\",\"url\":\"https:\\\/\\\/www.elena-cascarigny.com\\\/wp-content\\\/uploads\\\/2023\\\/02\\\/Sans-titre-701x1024.png\",\"contentUrl\":\"https:\\\/\\\/www.elena-cascarigny.com\\\/wp-content\\\/uploads\\\/2023\\\/02\\\/Sans-titre-701x1024.png\"},{\"@type\":\"BreadcrumbList\",\"@id\":\"https:\\\/\\\/www.elena-cascarigny.com\\\/yoga-de-la-femme-2\\\/#breadcrumb\",\"itemListElement\":[{\"@type\":\"ListItem\",\"position\":1,\"name\":\"Home\",\"item\":\"https:\\\/\\\/www.elena-cascarigny.com\\\/\"},{\"@type\":\"ListItem\",\"position\":2,\"name\":\"Le Yoga de la Femme\u00ae\"}]},{\"@type\":\"WebSite\",\"@id\":\"https:\\\/\\\/www.elena-cascarigny.com\\\/#website\",\"url\":\"https:\\\/\\\/www.elena-cascarigny.com\\\/\",\"name\":\"Psychologue Anglet Bayonne\",\"description\":\"Psychoth\u00e9rapie &amp; Yoga \u00e0 Bayonne\",\"publisher\":{\"@id\":\"https:\\\/\\\/www.elena-cascarigny.com\\\/#\\\/schema\\\/person\\\/c3dbb269a26ffe268de45e39c6a5fe9a\"},\"potentialAction\":[{\"@type\":\"SearchAction\",\"target\":{\"@type\":\"EntryPoint\",\"urlTemplate\":\"https:\\\/\\\/www.elena-cascarigny.com\\\/?s={search_term_string}\"},\"query-input\":{\"@type\":\"PropertyValueSpecification\",\"valueRequired\":true,\"valueName\":\"search_term_string\"}}],\"inLanguage\":\"en-GB\"},{\"@type\":[\"Person\",\"Organization\"],\"@id\":\"https:\\\/\\\/www.elena-cascarigny.com\\\/#\\\/schema\\\/person\\\/c3dbb269a26ffe268de45e39c6a5fe9a\",\"name\":\"elena-cascarigny\",\"image\":{\"@type\":\"ImageObject\",\"inLanguage\":\"en-GB\",\"@id\":\"http:\\\/\\\/elena-cascarigny.com\\\/wp-content\\\/uploads\\\/2019\\\/10\\\/cropped-logo_3-2.png\",\"url\":\"http:\\\/\\\/elena-cascarigny.com\\\/wp-content\\\/uploads\\\/2019\\\/10\\\/cropped-logo_3-2.png\",\"contentUrl\":\"http:\\\/\\\/elena-cascarigny.com\\\/wp-content\\\/uploads\\\/2019\\\/10\\\/cropped-logo_3-2.png\",\"width\":7467,\"height\":7425,\"caption\":\"elena-cascarigny\"},\"logo\":{\"@id\":\"http:\\\/\\\/elena-cascarigny.com\\\/wp-content\\\/uploads\\\/2019\\\/10\\\/cropped-logo_3-2.png\"},\"sameAs\":[\"https:\\\/\\\/www.linkedin.com\\\/in\\\/elena-cascarigny-60161b141\\\/\"]}]}<\/script>\n<!-- \/ Yoast SEO plugin. -->","yoast_head_json":{"title":"Le Yoga de la Femme\u00ae - Elena Cascarigny","description":"Cours de Yoga de la Femme \u00e0 Bayonne, un lundi sur deux de 11h15 \u00e0 12h15 - pour les femmes en qu\u00eate de leur f\u00e9minit\u00e9, de douceur...","robots":{"index":"index","follow":"follow","max-snippet":"max-snippet:-1","max-image-preview":"max-image-preview:large","max-video-preview":"max-video-preview:-1"},"canonical":"https:\/\/www.elena-cascarigny.com\/en\/yoga-de-la-femme-2\/","og_locale":"en_GB","og_type":"article","og_title":"Le Yoga de la Femme\u00ae - Elena Cascarigny","og_description":"Cours de Yoga de la Femme \u00e0 Bayonne, un lundi sur deux de 11h15 \u00e0 12h15 - pour les femmes en qu\u00eate de leur f\u00e9minit\u00e9, de douceur...","og_url":"https:\/\/www.elena-cascarigny.com\/en\/yoga-de-la-femme-2\/","og_site_name":"Elena Cascarigny","article_modified_time":"2026-03-28T09:54:01+00:00","og_image":[{"width":820,"height":1197,"url":"https:\/\/www.elena-cascarigny.com\/wp-content\/uploads\/2023\/02\/Sans-titre.png","type":"image\/png"}],"twitter_card":"summary_large_image","twitter_misc":{"Estimated reading time":"2 minutes"},"schema":{"@context":"https:\/\/schema.org","@graph":[{"@type":"WebPage","@id":"https:\/\/www.elena-cascarigny.com\/yoga-de-la-femme-2\/","url":"https:\/\/www.elena-cascarigny.com\/yoga-de-la-femme-2\/","name":"Le Yoga de la Femme\u00ae - Elena Cascarigny","isPartOf":{"@id":"https:\/\/www.elena-cascarigny.com\/#website"},"primaryImageOfPage":{"@id":"https:\/\/www.elena-cascarigny.com\/yoga-de-la-femme-2\/#primaryimage"},"image":{"@id":"https:\/\/www.elena-cascarigny.com\/yoga-de-la-femme-2\/#primaryimage"},"thumbnailUrl":"https:\/\/www.elena-cascarigny.com\/wp-content\/uploads\/2023\/02\/Sans-titre-701x1024.png","datePublished":"2023-02-16T14:32:24+00:00","dateModified":"2026-03-28T09:54:01+00:00","description":"Cours de Yoga de la Femme \u00e0 Bayonne, un lundi sur deux de 11h15 \u00e0 12h15 - pour les femmes en qu\u00eate de leur f\u00e9minit\u00e9, de douceur...","breadcrumb":{"@id":"https:\/\/www.elena-cascarigny.com\/yoga-de-la-femme-2\/#breadcrumb"},"inLanguage":"en-GB","potentialAction":[{"@type":"ReadAction","target":["https:\/\/www.elena-cascarigny.com\/yoga-de-la-femme-2\/"]}]},{"@type":"ImageObject","inLanguage":"en-GB","@id":"https:\/\/www.elena-cascarigny.com\/yoga-de-la-femme-2\/#primaryimage","url":"https:\/\/www.elena-cascarigny.com\/wp-content\/uploads\/2023\/02\/Sans-titre-701x1024.png","contentUrl":"https:\/\/www.elena-cascarigny.com\/wp-content\/uploads\/2023\/02\/Sans-titre-701x1024.png"},{"@type":"BreadcrumbList","@id":"https:\/\/www.elena-cascarigny.com\/yoga-de-la-femme-2\/#breadcrumb","itemListElement":[{"@type":"ListItem","position":1,"name":"Home","item":"https:\/\/www.elena-cascarigny.com\/"},{"@type":"ListItem","position":2,"name":"Le Yoga de la Femme\u00ae"}]},{"@type":"WebSite","@id":"https:\/\/www.elena-cascarigny.com\/#website","url":"https:\/\/www.elena-cascarigny.com\/","name":"Psychologue Anglet Bayonne","description":"Psychoth\u00e9rapie &amp; Yoga \u00e0 Bayonne","publisher":{"@id":"https:\/\/www.elena-cascarigny.com\/#\/schema\/person\/c3dbb269a26ffe268de45e39c6a5fe9a"},"potentialAction":[{"@type":"SearchAction","target":{"@type":"EntryPoint","urlTemplate":"https:\/\/www.elena-cascarigny.com\/?s={search_term_string}"},"query-input":{"@type":"PropertyValueSpecification","valueRequired":true,"valueName":"search_term_string"}}],"inLanguage":"en-GB"},{"@type":["Person","Organization"],"@id":"https:\/\/www.elena-cascarigny.com\/#\/schema\/person\/c3dbb269a26ffe268de45e39c6a5fe9a","name":"elena-cascarigny","image":{"@type":"ImageObject","inLanguage":"en-GB","@id":"http:\/\/elena-cascarigny.com\/wp-content\/uploads\/2019\/10\/cropped-logo_3-2.png","url":"http:\/\/elena-cascarigny.com\/wp-content\/uploads\/2019\/10\/cropped-logo_3-2.png","contentUrl":"http:\/\/elena-cascarigny.com\/wp-content\/uploads\/2019\/10\/cropped-logo_3-2.png","width":7467,"height":7425,"caption":"elena-cascarigny"},"logo":{"@id":"http:\/\/elena-cascarigny.com\/wp-content\/uploads\/2019\/10\/cropped-logo_3-2.png"},"sameAs":["https:\/\/www.linkedin.com\/in\/elena-cascarigny-60161b141\/"]}]}},"_links":{"self":[{"href":"https:\/\/www.elena-cascarigny.com\/en\/wp-json\/wp\/v2\/pages\/16289","targetHints":{"allow":["GET"]}}],"collection":[{"href":"https:\/\/www.elena-cascarigny.com\/en\/wp-json\/wp\/v2\/pages"}],"about":[{"href":"https:\/\/www.elena-cascarigny.com\/en\/wp-json\/wp\/v2\/types\/page"}],"author":[{"embeddable":true,"href":"https:\/\/www.elena-cascarigny.com\/en\/wp-json\/wp\/v2\/users\/1"}],"replies":[{"embeddable":true,"href":"https:\/\/www.elena-cascarigny.com\/en\/wp-json\/wp\/v2\/comments?post=16289"}],"version-history":[{"count":24,"href":"https:\/\/www.elena-cascarigny.com\/en\/wp-json\/wp\/v2\/pages\/16289\/revisions"}],"predecessor-version":[{"id":16675,"href":"https:\/\/www.elena-cascarigny.com\/en\/wp-json\/wp\/v2\/pages\/16289\/revisions\/16675"}],"wp:attachment":[{"href":"https:\/\/www.elena-cascarigny.com\/en\/wp-json\/wp\/v2\/media?parent=16289"}],"curies":[{"name":"wp","href":"https:\/\/api.w.org\/{rel}","templated":true}]}}