{"id":118,"date":"2019-10-05T18:40:34","date_gmt":"2019-10-05T16:40:34","guid":{"rendered":"http:\/\/elena-cascarigny.com\/?page_id=118"},"modified":"2026-03-28T10:53:46","modified_gmt":"2026-03-28T09:53:46","slug":"expat-impat","status":"publish","type":"page","link":"https:\/\/www.elena-cascarigny.com\/en\/expat-impat\/","title":{"rendered":"Expatriation \/ Re-entry"},"content":{"rendered":"<figure class=\"wp-block-image\"><img fetchpriority=\"high\" decoding=\"async\" width=\"960\" height=\"637\" src=\"http:\/\/elena-cascarigny.com\/wp-content\/uploads\/2019\/10\/plane-841441_960_720.jpg\" alt=\"\" class=\"wp-image-243\" srcset=\"https:\/\/www.elena-cascarigny.com\/wp-content\/uploads\/2019\/10\/plane-841441_960_720.jpg 960w, https:\/\/www.elena-cascarigny.com\/wp-content\/uploads\/2019\/10\/plane-841441_960_720-300x199.jpg 300w, https:\/\/www.elena-cascarigny.com\/wp-content\/uploads\/2019\/10\/plane-841441_960_720-768x510.jpg 768w, https:\/\/www.elena-cascarigny.com\/wp-content\/uploads\/2019\/10\/plane-841441_960_720-750x498.jpg 750w\" sizes=\"(max-width: 960px) 100vw, 960px\" \/><\/figure>\n\n\n\n<div style=\"height:20px\" aria-hidden=\"true\" class=\"wp-block-spacer\"><\/div>\n\n\n\n<p style=\"font-size:17px\">Th\u00e9rapeute pour les expatri\u00e9s et impatri\u00e9s, j&rsquo;accompagne les personnes traversant une transition culturelle, que ce soit une <strong>expatriation<\/strong> ou un <strong>retour d&rsquo;expatriation<\/strong>. Ayant moi-m\u00eame longtemps v\u00e9cu \u00e0 l&rsquo;\u00e9tranger, en Allemagne et en Asie, j&rsquo;ai choisi le sujet du choc culturel invers\u00e9 pour mon m\u00e9moire de recherche.<\/p>\n\n\n\n<div style=\"height:20px\" aria-hidden=\"true\" class=\"wp-block-spacer\"><\/div>\n\n\n\n<h4 class=\"wp-block-heading\">Living abroad...<\/h4>\n\n\n\n<p class=\"translation-block\">Knowing the challenges of the expatriate's life, I understand the difficulties related to the <strong>distance<\/strong>, the <strong>loneliness<\/strong>, one's feeling of <strong>not being understood<\/strong>, the <strong>loss of status<\/strong>...<\/p>\n\n\n\n<p class=\"translation-block\">All changes (may it be a loss, a separation, a new job, to move to a new place...) needs a <strong>period to adjust<\/strong>, an <strong>internal reorganisation<\/strong>. This process requires a lot of energy.<\/p>\n\n\n\n<p>And the transition to another culture is even more unconfortable as the frame of reference around you is not the one you know ! <\/p>\n\n\n\n<p class=\"translation-block\">Ther is a reason why we speak of a cultural <em>shock<\/em> !<\/p>\n\n\n\n<p class=\"has-text-align-left\">La rencontre avec une autre culture peut bouleverser, puisque nous nous trouvons face \u00e0 une autre mani\u00e8re de voir le monde et de lui donner du sens. Cela peut entra\u00eener <strong>remises en question<\/strong>, <strong>angoisses<\/strong>, <strong>d\u00e9prime<\/strong>, une <strong>crise<\/strong> identitaire&#8230;<\/p>\n\n\n\n<p class=\"translation-block\">To be uprooted can cause pain and the expatriates may need <strong>help<\/strong> and someone <strong>listening<\/strong>. A psychotherapy can help you understand what makes you suffer, break the feeling of loneliness, express your fears or doubts. We'll explore your ressources so that you can face the challenges you meet with <strong>confidence and curiosity<\/strong>.<\/p>\n\n\n\n<div style=\"height:30px\" aria-hidden=\"true\" class=\"wp-block-spacer\"><\/div>\n\n\n\n<figure class=\"wp-block-image\"><img decoding=\"async\" width=\"960\" height=\"640\" src=\"http:\/\/elena-cascarigny.com\/wp-content\/uploads\/2019\/10\/entry-1036946_960_720-2.jpg\" alt=\"\" class=\"wp-image-284\" srcset=\"https:\/\/www.elena-cascarigny.com\/wp-content\/uploads\/2019\/10\/entry-1036946_960_720-2.jpg 960w, https:\/\/www.elena-cascarigny.com\/wp-content\/uploads\/2019\/10\/entry-1036946_960_720-2-300x200.jpg 300w, https:\/\/www.elena-cascarigny.com\/wp-content\/uploads\/2019\/10\/entry-1036946_960_720-2-768x512.jpg 768w, https:\/\/www.elena-cascarigny.com\/wp-content\/uploads\/2019\/10\/entry-1036946_960_720-2-750x500.jpg 750w\" sizes=\"(max-width: 960px) 100vw, 960px\" \/><\/figure>\n\n\n\n<div style=\"height:22px\" aria-hidden=\"true\" class=\"wp-block-spacer\"><\/div>\n\n\n\n<h4 class=\"wp-block-heading\">... and coming back !<\/h4>\n\n\n\n<p class=\"translation-block\">It's a well-known fact that expatriation can be a sensitive period - despite the richness of the experiences. The reverse phenomena called <strong>reverse culture shock<\/strong>, or coming back to one's country, is less famous.<\/p>\n\n\n\n<p>Pourtant cette p\u00e9riode est parfois encore plus difficilement v\u00e9cue que l&rsquo;expatriation en elle-m\u00eame ! <\/p>\n\n\n\n<p>The shock is all the more brutal as unexpected : who could have thought that \"coming home\" would ask so much efforts ?<\/p>\n\n\n\n<p>In the same way as during expatriation, one has to readjust and to regain the forgotten society codes. Havong lived abroad and having discovered new way of doing things, the newly ex-expatriates have difficulties to get back to its old life. <br><em><em>Because the one who comes back is not the one who left.<\/em><\/em> Conflicts within oneself or with others are likely to occur.<\/p>\n\n\n\n<p>Persons coming back often claim :<\/p>\n\n\n\n<ul class=\"wp-block-list\">\n<li>sadness or despondency<\/li>\n\n\n\n<li>demotivation<\/li>\n\n\n\n<li>disengagement at school, work, with friends or about hobbies and interest<\/li>\n\n\n\n<li> a critical attitude toward home culture<\/li>\n\n\n\n<li> irritability<\/li>\n\n\n\n<li> heightened sensitivity and strong emotions<\/li>\n\n\n\n<li> frustation toward others or onself<\/li>\n\n\n\n<li>focusing on the experience abroad<\/li>\n<\/ul>\n\n\n\n<p class=\"translation-block\">Those symptoms can be sign of troubles readjusting and <strong>finding one's place<\/strong> at home.<\/p>\n\n\n\n<div style=\"height:33px\" aria-hidden=\"true\" class=\"wp-block-spacer\"><\/div>\n\n\n\n<figure class=\"wp-block-image\"><img decoding=\"async\" width=\"960\" height=\"640\" src=\"http:\/\/elena-cascarigny.com\/wp-content\/uploads\/2019\/10\/people-2591874_960_720.jpg\" alt=\"\" class=\"wp-image-245\" srcset=\"https:\/\/www.elena-cascarigny.com\/wp-content\/uploads\/2019\/10\/people-2591874_960_720.jpg 960w, https:\/\/www.elena-cascarigny.com\/wp-content\/uploads\/2019\/10\/people-2591874_960_720-300x200.jpg 300w, https:\/\/www.elena-cascarigny.com\/wp-content\/uploads\/2019\/10\/people-2591874_960_720-768x512.jpg 768w, https:\/\/www.elena-cascarigny.com\/wp-content\/uploads\/2019\/10\/people-2591874_960_720-750x500.jpg 750w\" sizes=\"(max-width: 960px) 100vw, 960px\" \/><\/figure>\n\n\n\n<div style=\"height:35px\" aria-hidden=\"true\" class=\"wp-block-spacer\"><\/div>\n\n\n\n<p style=\"font-size:17px\"><strong>Chaque v\u00e9cu est singulier, le v\u00f4tre aussi<\/strong>. <br>L&rsquo;appui d&rsquo;un psy peut vous aider \u00e0 <strong>poser des mots<\/strong> sur vos difficult\u00e9s, <strong>comprendre les raisons <\/strong>qui vous ont pouss\u00e9 \u00e0 l&rsquo;expatriation et\/ou au retour et <strong>mobiliser vos ressources<\/strong> int\u00e9rieures pour faire face aux d\u00e9fis de la transition. Pour en savoir plus sur mes outils et approches, c&rsquo;est par <a href=\"https:\/\/www.elena-cascarigny.com\/en\/ma-pratique-integrative\/\" target=\"_blank\" rel=\"noreferrer noopener\">here<\/a>.<\/p>\n\n\n\n<div style=\"height:22px\" aria-hidden=\"true\" class=\"wp-block-spacer\"><\/div>\n\n\n\n<p style=\"font-size:17px\">Si vous \u00eates expatri\u00e9, une th\u00e9rapie par Skype, dans votre langue d&rsquo;origine, peut vous apporter un soutien dans une p\u00e9riode de transition. <\/p>\n\n\n\n<p style=\"font-size:17px\">At re-entry, support might be necessary to face this transition, which is especially overwhelming as the known and comforting suddendly becomes unknown and strange. <\/p>\n\n\n\n<div style=\"height:27px\" aria-hidden=\"true\" class=\"wp-block-spacer\"><\/div>\n\n\n\n<p style=\"font-size:17px\"><a href=\"mailto:elena.cascarigny@outlook.fr\">Contact me today for a first appointment.<\/a>According to your needs, we'll find what suits you the most.<\/p>\n\n\n\n<div style=\"height:27px\" aria-hidden=\"true\" class=\"wp-block-spacer\"><\/div>","protected":false},"excerpt":{"rendered":"<p>Th\u00e9rapeute pour les expatri\u00e9s et impatri\u00e9s, j&rsquo;accompagne les personnes traversant une transition culturelle, que ce soit une expatriation ou un retour d&rsquo;expatriation. Ayant moi-m\u00eame longtemps v\u00e9cu \u00e0 l&rsquo;\u00e9tranger, en Allemagne et en Asie, j&rsquo;ai choisi le sujet du choc culturel invers\u00e9 pour mon m\u00e9moire de recherche. L&rsquo;expatriation &#8230; Connaissant les d\u00e9fis qu&rsquo;entra\u00eene la vie d&rsquo;expatri\u00e9,&#8230;<\/p>","protected":false},"author":1,"featured_media":0,"parent":0,"menu_order":0,"comment_status":"closed","ping_status":"closed","template":"","meta":{"_kad_post_transparent":"","_kad_post_title":"","_kad_post_layout":"","_kad_post_sidebar_id":"","_kad_post_content_style":"","_kad_post_vertical_padding":"","_kad_post_feature":"","_kad_post_feature_position":"","_kad_post_header":false,"_kad_post_footer":false,"_kad_post_classname":"","footnotes":""},"class_list":["post-118","page","type-page","status-publish","hentry"],"yoast_head":"<!-- This site is optimized with the Yoast SEO plugin v27.4 - https:\/\/yoast.com\/product\/yoast-seo-wordpress\/ -->\n<title>Th\u00e9rapie pour expat&#039; et impat&#039; - Expatriation et choc culturel invers\u00e9<\/title>\n<meta name=\"description\" content=\"Th\u00e9rapie pour les expatri\u00e9s et impatri\u00e9s, j&#039;accompagne les personnes en expatriation ou au retour, vivant un choc culturel invers\u00e9.\" \/>\n<meta name=\"robots\" content=\"index, follow, max-snippet:-1, max-image-preview:large, max-video-preview:-1\" \/>\n<link rel=\"canonical\" href=\"https:\/\/www.elena-cascarigny.com\/en\/expat-impat\/\" \/>\n<meta property=\"og:locale\" content=\"en_GB\" \/>\n<meta property=\"og:type\" content=\"article\" \/>\n<meta property=\"og:title\" content=\"Th\u00e9rapie pour expat&#039; et impat&#039; - Expatriation et choc culturel invers\u00e9\" \/>\n<meta property=\"og:description\" content=\"Th\u00e9rapie pour les expatri\u00e9s et impatri\u00e9s, j&#039;accompagne les personnes en expatriation ou au retour, vivant un choc culturel invers\u00e9.\" \/>\n<meta property=\"og:url\" content=\"https:\/\/www.elena-cascarigny.com\/en\/expat-impat\/\" \/>\n<meta property=\"og:site_name\" content=\"Elena Cascarigny\" \/>\n<meta property=\"article:modified_time\" content=\"2026-03-28T09:53:46+00:00\" \/>\n<meta property=\"og:image\" content=\"https:\/\/www.elena-cascarigny.com\/wp-content\/uploads\/2019\/10\/plane-841441_960_720.jpg\" \/>\n\t<meta property=\"og:image:width\" content=\"960\" \/>\n\t<meta property=\"og:image:height\" content=\"637\" \/>\n\t<meta property=\"og:image:type\" content=\"image\/jpeg\" \/>\n<meta name=\"twitter:card\" content=\"summary_large_image\" \/>\n<meta name=\"twitter:label1\" content=\"Estimated reading time\" \/>\n\t<meta name=\"twitter:data1\" content=\"4 minutes\" \/>\n<script type=\"application\/ld+json\" class=\"yoast-schema-graph\">{\"@context\":\"https:\\\/\\\/schema.org\",\"@graph\":[{\"@type\":\"WebPage\",\"@id\":\"https:\\\/\\\/www.elena-cascarigny.com\\\/expat-impat\\\/\",\"url\":\"https:\\\/\\\/www.elena-cascarigny.com\\\/expat-impat\\\/\",\"name\":\"Th\u00e9rapie pour expat' et impat' - Expatriation et choc culturel invers\u00e9\",\"isPartOf\":{\"@id\":\"https:\\\/\\\/www.elena-cascarigny.com\\\/#website\"},\"primaryImageOfPage\":{\"@id\":\"https:\\\/\\\/www.elena-cascarigny.com\\\/expat-impat\\\/#primaryimage\"},\"image\":{\"@id\":\"https:\\\/\\\/www.elena-cascarigny.com\\\/expat-impat\\\/#primaryimage\"},\"thumbnailUrl\":\"http:\\\/\\\/elena-cascarigny.com\\\/wp-content\\\/uploads\\\/2019\\\/10\\\/plane-841441_960_720.jpg\",\"datePublished\":\"2019-10-05T16:40:34+00:00\",\"dateModified\":\"2026-03-28T09:53:46+00:00\",\"description\":\"Th\u00e9rapie pour les expatri\u00e9s et impatri\u00e9s, j'accompagne les personnes en expatriation ou au retour, vivant un choc culturel invers\u00e9.\",\"breadcrumb\":{\"@id\":\"https:\\\/\\\/www.elena-cascarigny.com\\\/expat-impat\\\/#breadcrumb\"},\"inLanguage\":\"en-GB\",\"potentialAction\":[{\"@type\":\"ReadAction\",\"target\":[\"https:\\\/\\\/www.elena-cascarigny.com\\\/expat-impat\\\/\"]}]},{\"@type\":\"ImageObject\",\"inLanguage\":\"en-GB\",\"@id\":\"https:\\\/\\\/www.elena-cascarigny.com\\\/expat-impat\\\/#primaryimage\",\"url\":\"http:\\\/\\\/elena-cascarigny.com\\\/wp-content\\\/uploads\\\/2019\\\/10\\\/plane-841441_960_720.jpg\",\"contentUrl\":\"http:\\\/\\\/elena-cascarigny.com\\\/wp-content\\\/uploads\\\/2019\\\/10\\\/plane-841441_960_720.jpg\"},{\"@type\":\"BreadcrumbList\",\"@id\":\"https:\\\/\\\/www.elena-cascarigny.com\\\/expat-impat\\\/#breadcrumb\",\"itemListElement\":[{\"@type\":\"ListItem\",\"position\":1,\"name\":\"Home\",\"item\":\"https:\\\/\\\/www.elena-cascarigny.com\\\/\"},{\"@type\":\"ListItem\",\"position\":2,\"name\":\"Expat&rsquo; &#8211; Impat&rsquo;\"}]},{\"@type\":\"WebSite\",\"@id\":\"https:\\\/\\\/www.elena-cascarigny.com\\\/#website\",\"url\":\"https:\\\/\\\/www.elena-cascarigny.com\\\/\",\"name\":\"Psychologue Anglet Bayonne\",\"description\":\"Psychoth\u00e9rapie &amp; Yoga \u00e0 Bayonne\",\"publisher\":{\"@id\":\"https:\\\/\\\/www.elena-cascarigny.com\\\/#\\\/schema\\\/person\\\/c3dbb269a26ffe268de45e39c6a5fe9a\"},\"potentialAction\":[{\"@type\":\"SearchAction\",\"target\":{\"@type\":\"EntryPoint\",\"urlTemplate\":\"https:\\\/\\\/www.elena-cascarigny.com\\\/?s={search_term_string}\"},\"query-input\":{\"@type\":\"PropertyValueSpecification\",\"valueRequired\":true,\"valueName\":\"search_term_string\"}}],\"inLanguage\":\"en-GB\"},{\"@type\":[\"Person\",\"Organization\"],\"@id\":\"https:\\\/\\\/www.elena-cascarigny.com\\\/#\\\/schema\\\/person\\\/c3dbb269a26ffe268de45e39c6a5fe9a\",\"name\":\"elena-cascarigny\",\"image\":{\"@type\":\"ImageObject\",\"inLanguage\":\"en-GB\",\"@id\":\"http:\\\/\\\/elena-cascarigny.com\\\/wp-content\\\/uploads\\\/2019\\\/10\\\/cropped-logo_3-2.png\",\"url\":\"http:\\\/\\\/elena-cascarigny.com\\\/wp-content\\\/uploads\\\/2019\\\/10\\\/cropped-logo_3-2.png\",\"contentUrl\":\"http:\\\/\\\/elena-cascarigny.com\\\/wp-content\\\/uploads\\\/2019\\\/10\\\/cropped-logo_3-2.png\",\"width\":7467,\"height\":7425,\"caption\":\"elena-cascarigny\"},\"logo\":{\"@id\":\"http:\\\/\\\/elena-cascarigny.com\\\/wp-content\\\/uploads\\\/2019\\\/10\\\/cropped-logo_3-2.png\"},\"sameAs\":[\"https:\\\/\\\/www.linkedin.com\\\/in\\\/elena-cascarigny-60161b141\\\/\"]}]}<\/script>\n<!-- \/ Yoast SEO plugin. -->","yoast_head_json":{"title":"Th\u00e9rapie pour expat' et impat' - Expatriation et choc culturel invers\u00e9","description":"Th\u00e9rapie pour les expatri\u00e9s et impatri\u00e9s, j'accompagne les personnes en expatriation ou au retour, vivant un choc culturel invers\u00e9.","robots":{"index":"index","follow":"follow","max-snippet":"max-snippet:-1","max-image-preview":"max-image-preview:large","max-video-preview":"max-video-preview:-1"},"canonical":"https:\/\/www.elena-cascarigny.com\/en\/expat-impat\/","og_locale":"en_GB","og_type":"article","og_title":"Th\u00e9rapie pour expat' et impat' - Expatriation et choc culturel invers\u00e9","og_description":"Th\u00e9rapie pour les expatri\u00e9s et impatri\u00e9s, j'accompagne les personnes en expatriation ou au retour, vivant un choc culturel invers\u00e9.","og_url":"https:\/\/www.elena-cascarigny.com\/en\/expat-impat\/","og_site_name":"Elena Cascarigny","article_modified_time":"2026-03-28T09:53:46+00:00","og_image":[{"width":960,"height":637,"url":"https:\/\/www.elena-cascarigny.com\/wp-content\/uploads\/2019\/10\/plane-841441_960_720.jpg","type":"image\/jpeg"}],"twitter_card":"summary_large_image","twitter_misc":{"Estimated reading time":"4 minutes"},"schema":{"@context":"https:\/\/schema.org","@graph":[{"@type":"WebPage","@id":"https:\/\/www.elena-cascarigny.com\/expat-impat\/","url":"https:\/\/www.elena-cascarigny.com\/expat-impat\/","name":"Th\u00e9rapie pour expat' et impat' - Expatriation et choc culturel invers\u00e9","isPartOf":{"@id":"https:\/\/www.elena-cascarigny.com\/#website"},"primaryImageOfPage":{"@id":"https:\/\/www.elena-cascarigny.com\/expat-impat\/#primaryimage"},"image":{"@id":"https:\/\/www.elena-cascarigny.com\/expat-impat\/#primaryimage"},"thumbnailUrl":"http:\/\/elena-cascarigny.com\/wp-content\/uploads\/2019\/10\/plane-841441_960_720.jpg","datePublished":"2019-10-05T16:40:34+00:00","dateModified":"2026-03-28T09:53:46+00:00","description":"Th\u00e9rapie pour les expatri\u00e9s et impatri\u00e9s, j'accompagne les personnes en expatriation ou au retour, vivant un choc culturel invers\u00e9.","breadcrumb":{"@id":"https:\/\/www.elena-cascarigny.com\/expat-impat\/#breadcrumb"},"inLanguage":"en-GB","potentialAction":[{"@type":"ReadAction","target":["https:\/\/www.elena-cascarigny.com\/expat-impat\/"]}]},{"@type":"ImageObject","inLanguage":"en-GB","@id":"https:\/\/www.elena-cascarigny.com\/expat-impat\/#primaryimage","url":"http:\/\/elena-cascarigny.com\/wp-content\/uploads\/2019\/10\/plane-841441_960_720.jpg","contentUrl":"http:\/\/elena-cascarigny.com\/wp-content\/uploads\/2019\/10\/plane-841441_960_720.jpg"},{"@type":"BreadcrumbList","@id":"https:\/\/www.elena-cascarigny.com\/expat-impat\/#breadcrumb","itemListElement":[{"@type":"ListItem","position":1,"name":"Home","item":"https:\/\/www.elena-cascarigny.com\/"},{"@type":"ListItem","position":2,"name":"Expat&rsquo; &#8211; Impat&rsquo;"}]},{"@type":"WebSite","@id":"https:\/\/www.elena-cascarigny.com\/#website","url":"https:\/\/www.elena-cascarigny.com\/","name":"Psychologue Anglet Bayonne","description":"Psychoth\u00e9rapie &amp; Yoga \u00e0 Bayonne","publisher":{"@id":"https:\/\/www.elena-cascarigny.com\/#\/schema\/person\/c3dbb269a26ffe268de45e39c6a5fe9a"},"potentialAction":[{"@type":"SearchAction","target":{"@type":"EntryPoint","urlTemplate":"https:\/\/www.elena-cascarigny.com\/?s={search_term_string}"},"query-input":{"@type":"PropertyValueSpecification","valueRequired":true,"valueName":"search_term_string"}}],"inLanguage":"en-GB"},{"@type":["Person","Organization"],"@id":"https:\/\/www.elena-cascarigny.com\/#\/schema\/person\/c3dbb269a26ffe268de45e39c6a5fe9a","name":"elena-cascarigny","image":{"@type":"ImageObject","inLanguage":"en-GB","@id":"http:\/\/elena-cascarigny.com\/wp-content\/uploads\/2019\/10\/cropped-logo_3-2.png","url":"http:\/\/elena-cascarigny.com\/wp-content\/uploads\/2019\/10\/cropped-logo_3-2.png","contentUrl":"http:\/\/elena-cascarigny.com\/wp-content\/uploads\/2019\/10\/cropped-logo_3-2.png","width":7467,"height":7425,"caption":"elena-cascarigny"},"logo":{"@id":"http:\/\/elena-cascarigny.com\/wp-content\/uploads\/2019\/10\/cropped-logo_3-2.png"},"sameAs":["https:\/\/www.linkedin.com\/in\/elena-cascarigny-60161b141\/"]}]}},"_links":{"self":[{"href":"https:\/\/www.elena-cascarigny.com\/en\/wp-json\/wp\/v2\/pages\/118","targetHints":{"allow":["GET"]}}],"collection":[{"href":"https:\/\/www.elena-cascarigny.com\/en\/wp-json\/wp\/v2\/pages"}],"about":[{"href":"https:\/\/www.elena-cascarigny.com\/en\/wp-json\/wp\/v2\/types\/page"}],"author":[{"embeddable":true,"href":"https:\/\/www.elena-cascarigny.com\/en\/wp-json\/wp\/v2\/users\/1"}],"replies":[{"embeddable":true,"href":"https:\/\/www.elena-cascarigny.com\/en\/wp-json\/wp\/v2\/comments?post=118"}],"version-history":[{"count":25,"href":"https:\/\/www.elena-cascarigny.com\/en\/wp-json\/wp\/v2\/pages\/118\/revisions"}],"predecessor-version":[{"id":16435,"href":"https:\/\/www.elena-cascarigny.com\/en\/wp-json\/wp\/v2\/pages\/118\/revisions\/16435"}],"wp:attachment":[{"href":"https:\/\/www.elena-cascarigny.com\/en\/wp-json\/wp\/v2\/media?parent=118"}],"curies":[{"name":"wp","href":"https:\/\/api.w.org\/{rel}","templated":true}]}}